{"id":89,"date":"2016-08-28T12:47:41","date_gmt":"2016-08-28T12:47:41","guid":{"rendered":"http:\/\/aalmael.eu\/?page_id=89"},"modified":"2025-05-31T17:58:22","modified_gmt":"2025-05-31T17:58:22","slug":"uvod","status":"publish","type":"page","link":"https:\/\/aalmael.eu\/","title":{"rendered":"Projekt Aalma L. &#8211; podpora vzd\u011bl\u00e1v\u00e1n\u00ed"},"content":{"rendered":"\n<p><em>V\u00edtejte na na\u0161ich str\u00e1nk\u00e1ch!<\/em><\/p>\n\n\n\n<h2 class=\"wp-block-heading\"><span style=\"color: #00ffff;\"><em><strong>Projekt<\/strong><\/em><\/span><em style=\"color: #00ffff; line-height: inherit;\"><strong>&nbsp;<\/strong><\/em><em style=\"color: #00ffff; line-height: inherit;\"><strong>Aalma L. &#8211; koup\u00ed\u0161 kn\u00ed\u017eku, pom\u016f\u017ee\u0161!<\/strong><\/em><\/h2>\n\n\n<div class=\"wp-block-image\">\n<figure class=\"alignleft size-large is-resized\"><img loading=\"lazy\" decoding=\"async\" width=\"1024\" height=\"866\" src=\"https:\/\/aalmael.eu\/wp-content\/uploads\/2025\/04\/razitko-1024x866.jpg\" alt=\"\" class=\"wp-image-1714\" style=\"width:218px;height:auto\" srcset=\"https:\/\/aalmael.eu\/wp-content\/uploads\/2025\/04\/razitko-1024x866.jpg 1024w, https:\/\/aalmael.eu\/wp-content\/uploads\/2025\/04\/razitko-300x254.jpg 300w, https:\/\/aalmael.eu\/wp-content\/uploads\/2025\/04\/razitko-768x650.jpg 768w, https:\/\/aalmael.eu\/wp-content\/uploads\/2025\/04\/razitko-1536x1299.jpg 1536w, https:\/\/aalmael.eu\/wp-content\/uploads\/2025\/04\/razitko-2048x1732.jpg 2048w\" sizes=\"auto, (max-width: 1024px) 100vw, 1024px\" \/><\/figure>\n<\/div>\n\n\n<p><\/p>\n\n\n\n<p>Projekt Aalma L. &#8211; podpora vzd\u011bl\u00e1v\u00e1n\u00ed funguje ji\u017e od roku 2017.<\/p>\n\n\n\n<p><strong>Zakoupen\u00edm na\u0161\u00ed ti\u0161t\u011bn\u00e9 publikace<\/strong> <strong>p\u0159isp\u011bjete na publikaci pro d\u011bti v \u010cesk\u00e9 republice<\/strong> &#8211; d\u011bti z r\u016fzn\u00fdch nada\u010dn\u00edch fond\u016f, ale tak\u00e9 z M\u0160, Z\u0160, DD a d\u00e1le podpo\u0159\u00edte organizace pe\u010duj\u00edc\u00ed o zv\u00ed\u0159ata<span style=\"color: #000000;\">.<\/span> Vy obdr\u017e\u00edte&nbsp;CERTIFIK\u00c1T pro d\u00e1rce <span style=\"color: #000000;\">projektu Aalma L. &#8211; podpora vzd\u011bl\u00e1v\u00e1n\u00ed <\/span><em>(certifik\u00e1t obdr\u017e\u00edte na va\u0161i e-mailovou adresu).<\/em><\/p>\n\n\n\n<p><a href=\"https:\/\/aalmael.eu\/wp-content\/uploads\/2018\/12\/Klok\u00e1nek.jpg\"><img loading=\"lazy\" decoding=\"async\" class=\"alignnone  wp-image-1221\" src=\"https:\/\/aalmael.eu\/wp-content\/uploads\/2018\/12\/Klok\u00e1nek-225x300.jpg\" alt=\"\" width=\"128\" height=\"171\" srcset=\"https:\/\/aalmael.eu\/wp-content\/uploads\/2018\/12\/Klok\u00e1nek-225x300.jpg 225w, https:\/\/aalmael.eu\/wp-content\/uploads\/2018\/12\/Klok\u00e1nek.jpg 720w\" sizes=\"auto, (max-width: 128px) 100vw, 128px\" \/><\/a><a href=\"https:\/\/aalmael.eu\/wp-content\/uploads\/2021\/02\/Zivot-detem1.jpg\"><img loading=\"lazy\" decoding=\"async\" class=\"alignnone  wp-image-1318\" src=\"https:\/\/aalmael.eu\/wp-content\/uploads\/2021\/02\/Zivot-detem1-212x300.jpg\" alt=\"\" width=\"120\" height=\"170\" srcset=\"https:\/\/aalmael.eu\/wp-content\/uploads\/2021\/02\/Zivot-detem1-212x300.jpg 212w, https:\/\/aalmael.eu\/wp-content\/uploads\/2021\/02\/Zivot-detem1.jpg 591w\" sizes=\"auto, (max-width: 120px) 100vw, 120px\" \/><\/a><a href=\"https:\/\/aalmael.eu\/?page_id=1189\"><img loading=\"lazy\" decoding=\"async\" class=\"alignnone  wp-image-1339\" src=\"https:\/\/aalmael.eu\/wp-content\/uploads\/2021\/03\/foto1-300x300.jpg\" alt=\"\" width=\"169\" height=\"169\" srcset=\"https:\/\/aalmael.eu\/wp-content\/uploads\/2021\/03\/foto1-300x300.jpg 300w, https:\/\/aalmael.eu\/wp-content\/uploads\/2021\/03\/foto1-1024x1024.jpg 1024w, https:\/\/aalmael.eu\/wp-content\/uploads\/2021\/03\/foto1-150x150.jpg 150w, https:\/\/aalmael.eu\/wp-content\/uploads\/2021\/03\/foto1-768x768.jpg 768w, https:\/\/aalmael.eu\/wp-content\/uploads\/2021\/03\/foto1-1536x1536.jpg 1536w, https:\/\/aalmael.eu\/wp-content\/uploads\/2021\/03\/foto1-180x180.jpg 180w, https:\/\/aalmael.eu\/wp-content\/uploads\/2021\/03\/foto1-600x600.jpg 600w, https:\/\/aalmael.eu\/wp-content\/uploads\/2021\/03\/foto1-520x520.jpg 520w, https:\/\/aalmael.eu\/wp-content\/uploads\/2021\/03\/foto1-70x70.jpg 70w, https:\/\/aalmael.eu\/wp-content\/uploads\/2021\/03\/foto1.jpg 1885w\" sizes=\"auto, (max-width: 169px) 100vw, 169px\" \/>&nbsp; &nbsp; &#8230; <span style=\"color: #0000ff;\"><em>fotogalerie zde<\/em><\/span><\/a><\/p>\n\n\n\n<p><strong><span style=\"color: #00ffff;\"><em style=\"line-height: inherit;\">Projekt Aalma L. &#8211; podpora vzd\u011bl\u00e1v\u00e1n\u00ed<\/em><\/span><\/strong><span style=\"line-height: inherit;\"> vznikl na podporu my\u0161lenky o d\u016fle\u017eitosti vzd\u011bl\u00e1v\u00e1n\u00ed.&nbsp;Nen\u00ed t\u00edm my\u0161leno pouze vzd\u011bl\u00e1v\u00e1n\u00ed se v ciz\u00edm jazyce, ale vzd\u011bl\u00e1v\u00e1n\u00ed obecn\u011b. A u koho nejl\u00e9pe za\u010d\u00edt ne\u017e u na\u0161ich d\u011bti? Jsou p\u0159ece na\u0161e budoucnost!<\/span><\/p>\n\n\n\n<p>V r\u00e1mci projektu vznikaj\u00ed <em>(nejenom)<\/em> bilingvn\u00ed anglicko-\u010desk\u00e9 publikace, jejich\u017e hlavn\u00edm c\u00edlem je rozv\u00edjet schopnosti d\u011bt\u00ed v oblasti \u010dten\u00ed, psan\u00ed, poslechu, ciz\u00edho jazyka, l\u00e1sky k p\u0159\u00edrod\u011b.<\/p>\n\n\n\n<p><strong>&nbsp;<\/strong><\/p>\n\n\n\n<ul class=\"wp-block-list\">\n<li><h3><figure><a href=\"http:\/\/anglictina123.cz\/14-darovaci-certifikaty\"><img loading=\"lazy\" decoding=\"async\" width=\"218\" height=\"154\" class=\"wp-image-1356 alignright\" src=\"https:\/\/aalmael.eu\/wp-content\/uploads\/2021\/03\/certif-300x212.jpg\" alt=\"\" srcset=\"https:\/\/aalmael.eu\/wp-content\/uploads\/2021\/03\/certif-300x212.jpg 300w, https:\/\/aalmael.eu\/wp-content\/uploads\/2021\/03\/certif-1024x724.jpg 1024w, https:\/\/aalmael.eu\/wp-content\/uploads\/2021\/03\/certif-768x543.jpg 768w, https:\/\/aalmael.eu\/wp-content\/uploads\/2021\/03\/certif-1536x1086.jpg 1536w, https:\/\/aalmael.eu\/wp-content\/uploads\/2021\/03\/certif-2048x1448.jpg 2048w\" sizes=\"auto, (max-width: 218px) 100vw, 218px\" \/><\/a><\/figure><span style=\"color: #ff00ff;\"><a style=\"color: #ff00ff;\" href=\"http:\/\/anglictina123.cz\/14-darovaci-certifikaty\">Darovac\u00ed certifik\u00e1t<\/a><\/span><\/h3><br><\/li>\n<\/ul>\n\n\n\n<p>M\u00e1te tak\u00e9 mo\u017enost zakoupit si p\u0159\u00edmo <span style=\"color: #0000ff;\"><a style=\"color: #0000ff;\" href=\"http:\/\/anglictina123.cz\/14-darovaci-certifikaty\"><em><strong>Darovac\u00ed certifik\u00e1t<\/strong><\/em><\/a> <\/span>a vybrat si z r\u016fzn\u00fdch variant d\u00e1rcovstv\u00ed. Darovac\u00ed certifik\u00e1ty jako nev\u0161edn\u00edm d\u00e1rkem, kter\u00fd ud\u011bl\u00e1 radost nejenom obdarovan\u00e9mu a v\u00e1m, ale i na\u0161im obdarovan\u00fdm z Projektu Aalma L. &#8211; podpora vzd\u011bl\u00e1v\u00e1n\u00ed. D\u011bkujeme!<\/p>\n\n\n\n<ul class=\"wp-block-list\">\n<li><h3><a href=\"https:\/\/aalmael.eu\/?page_id=278\"><span style=\"color: #00ffff;\"><span style=\"color: #ff00ff;\">CALVINOVA \u0160KOLA ANGLI\u010cTINY<\/span><\/span><\/a><\/h3><br><\/li>\n<\/ul>\n\n\n<div class=\"wp-block-image\">\n<figure class=\"alignleft size-full is-resized\"><img loading=\"lazy\" decoding=\"async\" width=\"850\" height=\"699\" src=\"https:\/\/aalmael.eu\/wp-content\/uploads\/2025\/04\/KOMPLET-Calvin-English-2.jpg\" alt=\"\" class=\"wp-image-1785\" style=\"width:205px;height:auto\" srcset=\"https:\/\/aalmael.eu\/wp-content\/uploads\/2025\/04\/KOMPLET-Calvin-English-2.jpg 850w, https:\/\/aalmael.eu\/wp-content\/uploads\/2025\/04\/KOMPLET-Calvin-English-2-300x247.jpg 300w, https:\/\/aalmael.eu\/wp-content\/uploads\/2025\/04\/KOMPLET-Calvin-English-2-768x632.jpg 768w\" sizes=\"auto, (max-width: 850px) 100vw, 850px\" \/><\/figure>\n<\/div>\n\n\n<p>Sou\u010d\u00e1st\u00ed projektu je\u00a0<span style=\"color: #000000;\"><span style=\"color: #0000ff;\"><a style=\"color: #0000ff;\" href=\"https:\/\/aalmael.eu\/?page_id=278\"><em><strong>Calvinova \u0161kola <\/strong><\/em><\/a><\/span><a style=\"color: #000000;\" href=\"https:\/\/aalmael.eu\/?page_id=278\"><em><strong><span style=\"color: #0000ff;\">angli\u010dtiny<\/span><\/strong><\/em><\/a><\/span> &#8211; p\u0159ed\u0161koln\u00ed v\u00fduka angli\u010dtiny v M\u0160, v\u00fduka v 1. a 2. t\u0159\u00edd\u011b Z\u0160 a v Z\u0160 pro \u017e\u00e1ky se speci\u00e1ln\u00edmi vzd\u011bl\u00e1vac\u00edmi pot\u0159ebami.<\/p>\n\n\n\n<p><\/p>\n\n\n\n<p><\/p>\n\n\n\n<p><\/p>\n\n\n\n<ul class=\"wp-block-list\">\n<li><h3><a href=\"https:\/\/aalmael.eu\/?page_id=960\"><span style=\"color: #00ffff;\"><span style=\"color: #ff00ff;\">VYBARVI SV\u011aT &#8211; po\u0161li knihu d\u00e1l a vybarvi na\u0161i mapu sv\u011bta<\/span><\/span><\/a><\/h3><br><\/li>\n<\/ul>\n\n\n\n<p><a href=\"https:\/\/aalmael.eu\/wp-content\/uploads\/2018\/06\/Bali.jpg\"><img loading=\"lazy\" decoding=\"async\" width=\"139\" height=\"104\" class=\"alignnone  wp-image-1055\" src=\"https:\/\/aalmael.eu\/wp-content\/uploads\/2018\/06\/Bali-300x225.jpg\" alt=\"\" srcset=\"https:\/\/aalmael.eu\/wp-content\/uploads\/2018\/06\/Bali-300x225.jpg 300w, https:\/\/aalmael.eu\/wp-content\/uploads\/2018\/06\/Bali-768x576.jpg 768w, https:\/\/aalmael.eu\/wp-content\/uploads\/2018\/06\/Bali-1024x768.jpg 1024w, https:\/\/aalmael.eu\/wp-content\/uploads\/2018\/06\/Bali.jpg 2048w\" sizes=\"auto, (max-width: 139px) 100vw, 139px\" \/><\/a><a href=\"https:\/\/aalmael.eu\/wp-content\/uploads\/2017\/11\/Kanada1.jpg\"><img loading=\"lazy\" decoding=\"async\" width=\"139\" height=\"104\" class=\"alignnone  wp-image-1020\" src=\"https:\/\/aalmael.eu\/wp-content\/uploads\/2017\/11\/Kanada1-300x225.jpg\" alt=\"\" srcset=\"https:\/\/aalmael.eu\/wp-content\/uploads\/2017\/11\/Kanada1-300x225.jpg 300w, https:\/\/aalmael.eu\/wp-content\/uploads\/2017\/11\/Kanada1-768x576.jpg 768w, https:\/\/aalmael.eu\/wp-content\/uploads\/2017\/11\/Kanada1.jpg 960w\" sizes=\"auto, (max-width: 139px) 100vw, 139px\" \/><\/a><a href=\"https:\/\/aalmael.eu\/wp-content\/uploads\/2019\/07\/Korejsk\u00e1-rep.jpg\"><img loading=\"lazy\" decoding=\"async\" width=\"140\" height=\"105\" class=\"alignnone  wp-image-1276\" src=\"https:\/\/aalmael.eu\/wp-content\/uploads\/2019\/07\/Korejsk\u00e1-rep-300x225.jpg\" alt=\"\" srcset=\"https:\/\/aalmael.eu\/wp-content\/uploads\/2019\/07\/Korejsk\u00e1-rep-300x225.jpg 300w, https:\/\/aalmael.eu\/wp-content\/uploads\/2019\/07\/Korejsk\u00e1-rep-768x575.jpg 768w, https:\/\/aalmael.eu\/wp-content\/uploads\/2019\/07\/Korejsk\u00e1-rep-1024x766.jpg 1024w, https:\/\/aalmael.eu\/wp-content\/uploads\/2019\/07\/Korejsk\u00e1-rep.jpg 1594w\" sizes=\"auto, (max-width: 140px) 100vw, 140px\" \/><\/a><a href=\"https:\/\/aalmael.eu\/?page_id=960\"><img decoding=\"async\" class=\"wp-image-1843\" style=\"width: 150px;\" src=\"https:\/\/aalmael.eu\/wp-content\/uploads\/2025\/04\/map-scaled.jpg\" alt=\"\"><\/a> D\u00e1le prob\u00edh\u00e1 akce &#8211; <a href=\"https:\/\/aalmael.eu\/?page_id=960\"><em><strong>&nbsp;<span style=\"color: #000000;\"><span style=\"color: #0000ff;\">Vybarvi sv\u011bt<\/span><\/span><\/strong><\/em><\/a><span style=\"color: #000000;\">&nbsp;<\/span>, kdy vy sami m\u016f\u017eete v\u011bnovat kn\u00ed\u017eku kdekoliv v zahrani\u010d\u00ed a rozsv\u00edtit s n\u00e1mi na\u0161i <span style=\"color: #0000ff;\"><em><strong><a style=\"color: #0000ff;\" href=\"https:\/\/aalmael.eu\/?page_id=960\">mapu sv\u011bta<\/a><\/strong><\/em><\/span>.&nbsp;T\u00edmto tak\u00e9 podpo\u0159\u00edte projekt Aalma L. &#8211; podpora vzd\u011bl\u00e1v\u00e1n\u00ed. Ka\u017ed\u00e1 kniha v zahrani\u010d\u00ed ud\u011bl\u00e1 dal\u0161\u00ed barevnou te\u010dku v na\u0161\u00ed map\u011b.<\/p>\n\n\n\n<h3 class=\"wp-block-heading\"><em><strong>Publikace:<\/strong><\/em><\/h3>\n\n\n\n<ul class=\"wp-block-list\">\n<li>Jako prvn\u00ed v projektu vznikla bilingvn\u00ed (anglicko-\u010desk\u00e1) <a href=\"https:\/\/aalmael.eu\/?page_id=2\">kniha&nbsp;<strong><em>Calvin\u00b4s English for children &#8211; Angli\u010dtina pro d\u011bti 1<\/em><\/strong><\/a>, <figure><a href=\"https:\/\/aalmael.eu\/?page_id=2\"><img loading=\"lazy\" decoding=\"async\" width=\"69\" height=\"58\" class=\"wp-image-755 alignnone\" src=\"https:\/\/aalmael.eu\/wp-content\/uploads\/2017\/09\/Kniha-CD-300x253.jpg\" alt=\"\" srcset=\"https:\/\/aalmael.eu\/wp-content\/uploads\/2017\/09\/Kniha-CD-300x253.jpg 300w, https:\/\/aalmael.eu\/wp-content\/uploads\/2017\/09\/Kniha-CD-768x647.jpg 768w, https:\/\/aalmael.eu\/wp-content\/uploads\/2017\/09\/Kniha-CD-1024x863.jpg 1024w, https:\/\/aalmael.eu\/wp-content\/uploads\/2017\/09\/Kniha-CD.jpg 1780w\" sizes=\"auto, (max-width: 69px) 100vw, 69px\" \/><\/a><\/figure>kter\u00e1 je zam\u011b\u0159ena na d\u011bti od p\u0159ed\u0161koln\u00edho v\u011bku do 1.stupn\u011b Z\u0160. D\u00edky poslechov\u00e9mu CD si d\u011bti mohou samostatn\u011b knihu prohl\u00ed\u017eet. Kocour Calvin se stane va\u0161im nov\u00fdm kamar\u00e1dem a prohloub\u00ed kladn\u00fd vztah ke zv\u00ed\u0159at\u016fm a p\u0159\u00edrod\u011b.<\/li>\n\n\n\n<li>Jako dal\u0161\u00ed publikace byl vyd\u00e1n pracovn\u00ed se\u0161it &nbsp;<a href=\"https:\/\/aalmael.eu\/?page_id=335\"><em><strong>Calvin\u00b4s Fun Book &#8211; Z\u00e1bavn\u00e1 kniha 1<\/strong><\/em><\/a><em><strong><figure><a href=\"https:\/\/aalmael.eu\/?page_id=335\"><img loading=\"lazy\" decoding=\"async\" width=\"100\" height=\"74\" class=\"alignnone wp-image-828\" src=\"https:\/\/aalmael.eu\/wp-content\/uploads\/2017\/09\/Pracovn\u00ed-se\u0161it-www-300x221.jpg\" alt=\"\" srcset=\"https:\/\/aalmael.eu\/wp-content\/uploads\/2017\/09\/Pracovn\u00ed-se\u0161it-www-300x221.jpg 300w, https:\/\/aalmael.eu\/wp-content\/uploads\/2017\/09\/Pracovn\u00ed-se\u0161it-www-768x566.jpg 768w, https:\/\/aalmael.eu\/wp-content\/uploads\/2017\/09\/Pracovn\u00ed-se\u0161it-www.jpg 1000w\" sizes=\"auto, (max-width: 100px) 100vw, 100px\" \/><\/a><\/figure>. <\/strong><\/em>100 stran z\u00e1bavn\u00fdch \u00fakol\u016f r\u016fzn\u00e9 obt\u00ed\u017enosti.<\/li>\n\n\n\n<li><strong><em><a href=\"http:\/\/anglictina123.cz\/\"><span style=\"color: #0000ff;\">Pro v\u0161echny publikace klikn\u011bte zde<\/span><\/a><\/em><\/strong><\/li>\n\n\n\n<li>Druh\u00fd d\u00edl Calvin\u00b4s English for children 2 je ji\u017e tak\u00e9 k zakoupen\u00ed, prozat\u00edm v e-verzi. <a href=\"https:\/\/aalmael.eu\/?page_id=27\"><em><strong>Sponzo\u0159i pro ti\u0161t\u011bnou publikaci n\u00e1s mohou ji\u017e kontaktovat<\/strong><\/em>.<\/a><figure><img loading=\"lazy\" decoding=\"async\" width=\"133\" height=\"110\" class=\"size-full wp-image-626 alignright\" src=\"https:\/\/aalmael.eu\/wp-content\/uploads\/2016\/08\/cropped-LogoWeb.jpg\" alt=\"\"><\/figure><\/li>\n<\/ul>\n\n\n\n<p><\/p>\n","protected":false},"excerpt":{"rendered":"<p>V\u00edtejte na na\u0161ich str\u00e1nk\u00e1ch! Projekt&nbsp;Aalma L. &#8211; koup\u00ed\u0161 kn\u00ed\u017eku, pom\u016f\u017ee\u0161! Projekt Aalma L. &#8211; podpora vzd\u011bl\u00e1v\u00e1n\u00ed funguje ji\u017e od roku 2017. Zakoupen\u00edm na\u0161\u00ed ti\u0161t\u011bn\u00e9 publikace p\u0159isp\u011bjete na publikaci pro d\u011bti v \u010cesk\u00e9 republice &#8211; d\u011bti z r\u016fzn\u00fdch nada\u010dn\u00edch fond\u016f, ale tak\u00e9 z M\u0160, Z\u0160, DD a d\u00e1le podpo\u0159\u00edte organizace pe\u010duj\u00edc\u00ed o zv\u00ed\u0159ata. Vy obdr\u017e\u00edte&nbsp;CERTIFIK\u00c1T pro [&hellip;]<\/p>\n","protected":false},"author":1,"featured_media":0,"parent":0,"menu_order":0,"comment_status":"closed","ping_status":"closed","template":"","meta":{"footnotes":""},"class_list":["post-89","page","type-page","status-publish","hentry"],"_links":{"self":[{"href":"https:\/\/aalmael.eu\/index.php?rest_route=\/wp\/v2\/pages\/89","targetHints":{"allow":["GET"]}}],"collection":[{"href":"https:\/\/aalmael.eu\/index.php?rest_route=\/wp\/v2\/pages"}],"about":[{"href":"https:\/\/aalmael.eu\/index.php?rest_route=\/wp\/v2\/types\/page"}],"author":[{"embeddable":true,"href":"https:\/\/aalmael.eu\/index.php?rest_route=\/wp\/v2\/users\/1"}],"replies":[{"embeddable":true,"href":"https:\/\/aalmael.eu\/index.php?rest_route=%2Fwp%2Fv2%2Fcomments&post=89"}],"version-history":[{"count":182,"href":"https:\/\/aalmael.eu\/index.php?rest_route=\/wp\/v2\/pages\/89\/revisions"}],"predecessor-version":[{"id":1893,"href":"https:\/\/aalmael.eu\/index.php?rest_route=\/wp\/v2\/pages\/89\/revisions\/1893"}],"wp:attachment":[{"href":"https:\/\/aalmael.eu\/index.php?rest_route=%2Fwp%2Fv2%2Fmedia&parent=89"}],"curies":[{"name":"wp","href":"https:\/\/api.w.org\/{rel}","templated":true}]}}