{"id":741,"date":"2017-09-10T15:51:44","date_gmt":"2017-09-10T15:51:44","guid":{"rendered":"http:\/\/aalmael.eu\/?page_id=741"},"modified":"2025-04-16T11:42:47","modified_gmt":"2025-04-16T11:42:47","slug":"zvyhodnene-sady","status":"publish","type":"page","link":"https:\/\/aalmael.eu\/?page_id=741","title":{"rendered":"Zv\u00fdhodn\u011bn\u00e9 sady"},"content":{"rendered":"\n<p>Nyn\u00ed DOPRAVA ZDARMA!<\/p>\n\n\n\n<p>P\u0159i n\u00e1kupu zv\u00fdhodn\u011bn\u00fdch sad v\u00fdrazn\u011b u\u0161et\u0159\u00edte.<\/p>\n\n\n\n<ol class=\"wp-block-list\">\n<li>Kniha v\u010d. audio CD<figure><a href=\"https:\/\/aalmael.eu\/wp-content\/uploads\/2017\/06\/kniha-CD-1-net.jpg\"><img loading=\"lazy\" decoding=\"async\" width=\"48\" height=\"41\" class=\"alignnone wp-image-399\" src=\"https:\/\/aalmael.eu\/wp-content\/uploads\/2017\/06\/kniha-CD-1-net-300x255.jpg\" alt=\"\" srcset=\"https:\/\/aalmael.eu\/wp-content\/uploads\/2017\/06\/kniha-CD-1-net-300x255.jpg 300w, https:\/\/aalmael.eu\/wp-content\/uploads\/2017\/06\/kniha-CD-1-net.jpg 567w\" sizes=\"auto, (max-width: 48px) 100vw, 48px\" \/><\/a><\/figure> + Pracovn\u00ed se\u0161it<figure><a href=\"https:\/\/aalmael.eu\/wp-content\/uploads\/2017\/09\/Pracovn\u00ed-se\u0161it-www.jpg\"><img loading=\"lazy\" decoding=\"async\" width=\"76\" height=\"56\" class=\"alignnone wp-image-828\" src=\"https:\/\/aalmael.eu\/wp-content\/uploads\/2017\/09\/Pracovn\u00ed-se\u0161it-www-300x221.jpg\" alt=\"\" srcset=\"https:\/\/aalmael.eu\/wp-content\/uploads\/2017\/09\/Pracovn\u00ed-se\u0161it-www-300x221.jpg 300w, https:\/\/aalmael.eu\/wp-content\/uploads\/2017\/09\/Pracovn\u00ed-se\u0161it-www-768x566.jpg 768w, https:\/\/aalmael.eu\/wp-content\/uploads\/2017\/09\/Pracovn\u00ed-se\u0161it-www.jpg 1000w\" sizes=\"auto, (max-width: 76px) 100vw, 76px\" \/><\/a><\/figure> \u00a0 <strong>Cena: K\u010d 450,-<\/strong> \u00a0 \u00a0 \u00a0<a href=\"http:\/\/anglictina123.cz\/domu\/25-sada-kniha-audio-cd-pracovni-sesit-9788090682405.html\"><span style=\"color: #ff6600;\"><em>KOUPIT<\/em><\/span><\/a><\/li>\n\n\n\n<li>Didaktick\u00e9 karty &#8211; 71 karet \u00a0 \u00a0<figure><a href=\"https:\/\/aalmael.eu\/wp-content\/uploads\/2017\/09\/didk.jpg\"><img loading=\"lazy\" decoding=\"async\" width=\"70\" height=\"53\" class=\"alignnone wp-image-756\" src=\"https:\/\/aalmael.eu\/wp-content\/uploads\/2017\/09\/didk-300x225.jpg\" alt=\"\" srcset=\"https:\/\/aalmael.eu\/wp-content\/uploads\/2017\/09\/didk-300x225.jpg 300w, https:\/\/aalmael.eu\/wp-content\/uploads\/2017\/09\/didk-768x576.jpg 768w, https:\/\/aalmael.eu\/wp-content\/uploads\/2017\/09\/didk-1024x768.jpg 1024w\" sizes=\"auto, (max-width: 70px) 100vw, 70px\" \/><\/a><\/figure>\u00a0<strong>Cena: K\u010d 1.900,-<\/strong> \u00a0 \u00a0 <a href=\"http:\/\/anglictina123.cz\/domu\/14-didakticke-karty-9788090682405.html\"><span style=\"color: #ff6600;\"><em>KOUPIT<\/em><\/span><\/a><\/li>\n\n\n\n<li>Calvinova \u0161kola angli\u010dtiny &#8211; Kniha v\u010d. audio CD + Pracovn\u00ed se\u0161it + Didaktick\u00e9 karty + d\u00e1rky <figure><a href=\"https:\/\/aalmael.eu\/wp-content\/uploads\/2017\/06\/Calvinskolaajnet.jpg\"><img loading=\"lazy\" decoding=\"async\" width=\"96\" height=\"79\" class=\"alignnone wp-image-421\" src=\"https:\/\/aalmael.eu\/wp-content\/uploads\/2017\/06\/Calvinskolaajnet-300x247.jpg\" alt=\"\" srcset=\"https:\/\/aalmael.eu\/wp-content\/uploads\/2017\/06\/Calvinskolaajnet-300x247.jpg 300w, https:\/\/aalmael.eu\/wp-content\/uploads\/2017\/06\/Calvinskolaajnet-768x632.jpg 768w, https:\/\/aalmael.eu\/wp-content\/uploads\/2017\/06\/Calvinskolaajnet.jpg 850w\" sizes=\"auto, (max-width: 96px) 100vw, 96px\" \/><\/a><\/figure>\u00a0 \u00a0<strong>Cena: K\u010d 2.350,- \u00a0<\/strong> \u00a0 <a href=\"http:\/\/anglictina123.cz\/knihy\/15-calvinova-skola-anglictiny-9788090682405.html\"><em><span style=\"color: #ff6600;\">KOUPIT<\/span><\/em><\/a><\/li>\n<\/ol>\n\n\n\n<p>&nbsp;<\/p>\n\n\n\n<p><strong>Mate\u0159sk\u00e9 a z\u00e1kladn\u00ed \u0161koly<\/strong> &#8211; informace na tel.: 608 880 422.<\/p>\n\n\n\n<p><strong>Koup\u00ed knihy, pracovn\u00edho se\u0161itu, darovac\u00edho certifik\u00e1tu<\/strong>\u00a0<strong>p\u0159isp\u011bjete na n\u00e1kup publikac\u00ed pro d\u011bti v \u010cesk\u00e9 republice<\/strong> \u2013 d\u011bti z r\u016fzn\u00fdch nada\u010dn\u00edch fond\u016f, ale tak\u00e9 z M\u0160, Z\u0160, DD a podpo\u0159\u00edte organizace pe\u010duj\u00edc\u00ed o zv\u00ed\u0159ata. \u00a0Vy obdr\u017e\u00edte\u00a0CERTIFIK\u00c1T pro d\u00e1rce projektu Aalma L. &#8211; podpora vzd\u011bl\u00e1v\u00e1n\u00ed (<em>po obdr\u017een\u00ed platby v\u00e1m za\u0161leme certifik\u00e1t na va\u0161i e-mailovou adresu).<\/em><\/p>\n","protected":false},"excerpt":{"rendered":"<p>Nyn\u00ed DOPRAVA ZDARMA! P\u0159i n\u00e1kupu zv\u00fdhodn\u011bn\u00fdch sad v\u00fdrazn\u011b u\u0161et\u0159\u00edte. &nbsp; Mate\u0159sk\u00e9 a z\u00e1kladn\u00ed \u0161koly &#8211; informace na tel.: 608 880 422. Koup\u00ed knihy, pracovn\u00edho se\u0161itu, darovac\u00edho certifik\u00e1tu\u00a0p\u0159isp\u011bjete na n\u00e1kup publikac\u00ed pro d\u011bti v \u010cesk\u00e9 republice \u2013 d\u011bti z r\u016fzn\u00fdch nada\u010dn\u00edch fond\u016f, ale tak\u00e9 z M\u0160, Z\u0160, DD a podpo\u0159\u00edte organizace pe\u010duj\u00edc\u00ed o zv\u00ed\u0159ata. \u00a0Vy obdr\u017e\u00edte\u00a0CERTIFIK\u00c1T [&hellip;]<\/p>\n","protected":false},"author":1,"featured_media":0,"parent":0,"menu_order":0,"comment_status":"closed","ping_status":"closed","template":"","meta":{"footnotes":""},"class_list":["post-741","page","type-page","status-publish","hentry"],"_links":{"self":[{"href":"https:\/\/aalmael.eu\/index.php?rest_route=\/wp\/v2\/pages\/741","targetHints":{"allow":["GET"]}}],"collection":[{"href":"https:\/\/aalmael.eu\/index.php?rest_route=\/wp\/v2\/pages"}],"about":[{"href":"https:\/\/aalmael.eu\/index.php?rest_route=\/wp\/v2\/types\/page"}],"author":[{"embeddable":true,"href":"https:\/\/aalmael.eu\/index.php?rest_route=\/wp\/v2\/users\/1"}],"replies":[{"embeddable":true,"href":"https:\/\/aalmael.eu\/index.php?rest_route=%2Fwp%2Fv2%2Fcomments&post=741"}],"version-history":[{"count":29,"href":"https:\/\/aalmael.eu\/index.php?rest_route=\/wp\/v2\/pages\/741\/revisions"}],"predecessor-version":[{"id":1797,"href":"https:\/\/aalmael.eu\/index.php?rest_route=\/wp\/v2\/pages\/741\/revisions\/1797"}],"wp:attachment":[{"href":"https:\/\/aalmael.eu\/index.php?rest_route=%2Fwp%2Fv2%2Fmedia&parent=741"}],"curies":[{"name":"wp","href":"https:\/\/api.w.org\/{rel}","templated":true}]}}