{"id":715,"date":"2017-09-10T14:59:29","date_gmt":"2017-09-10T14:59:29","guid":{"rendered":"http:\/\/aalmael.eu\/?page_id=715"},"modified":"2025-04-15T08:58:36","modified_gmt":"2025-04-15T08:58:36","slug":"anglictina","status":"publish","type":"page","link":"https:\/\/aalmael.eu\/?page_id=715","title":{"rendered":"Kniha \/ Pracovn\u00ed se\u0161it \/ Didaktick\u00e9 karty"},"content":{"rendered":"\n<p>Publikace jsou bilingv\u00e1ln\u00ed <strong>ANGLICKO-\u010cESK\u00c9<\/strong>! Sou\u010d\u00e1st\u00ed knihy je audio CD pro poslech spr\u00e1vn\u00e9 v\u00fdslovnosti (v\u00fdslovnosti anglick\u00e9 i \u010desk\u00e9).<\/p>\n\n\n\n<p><strong><span style=\"color: #000080;\">Koup\u00ed<\/span> publikac\u00ed<\/strong>&nbsp;<strong><span style=\"color: #000080;\">p\u0159isp\u011bjete na n\u00e1kup publikac\u00ed pro d\u011bti<\/span> v \u010cesk\u00e9 republice<\/strong> \u2013 d\u011bti z r\u016fzn\u00fdch nada\u010dn\u00edch fond\u016f, ale tak\u00e9 z M\u0160, Z\u0160, DD a d\u00e1le podpo\u0159\u00edte organizace pe\u010duj\u00edc\u00ed o zv\u00ed\u0159ata. &nbsp;Vy obdr\u017e\u00edte CERTIFIK\u00c1T pro d\u00e1rce projektu Aalma L. \u2013 podpora vzd\u011bl\u00e1v\u00e1n\u00ed <em>(po obdr\u017een\u00ed platby v\u00e1m za\u0161leme certifik\u00e1t na va\u0161i e-mailovou adresu).<\/em><\/p>\n\n\n\n<figure class=\"wp-block-image\"><a href=\"https:\/\/aalmael.eu\/wp-content\/uploads\/2017\/06\/Calvinskolaajnet.jpg\"><img loading=\"lazy\" decoding=\"async\" width=\"300\" height=\"247\" src=\"https:\/\/aalmael.eu\/wp-content\/uploads\/2017\/06\/Calvinskolaajnet-300x247.jpg\" alt=\"\" class=\"wp-image-421\" srcset=\"https:\/\/aalmael.eu\/wp-content\/uploads\/2017\/06\/Calvinskolaajnet-300x247.jpg 300w, https:\/\/aalmael.eu\/wp-content\/uploads\/2017\/06\/Calvinskolaajnet-768x632.jpg 768w, https:\/\/aalmael.eu\/wp-content\/uploads\/2017\/06\/Calvinskolaajnet.jpg 850w\" sizes=\"auto, (max-width: 300px) 100vw, 300px\" \/><\/a><\/figure>\n\n\n\n<figure class=\"wp-block-image\"><a href=\"https:\/\/aalmael.eu\/wp-content\/uploads\/2017\/09\/foto-Calvin.jpg\"><img loading=\"lazy\" decoding=\"async\" width=\"300\" height=\"225\" src=\"https:\/\/aalmael.eu\/wp-content\/uploads\/2017\/09\/foto-Calvin-300x225.jpg\" alt=\"\" class=\"wp-image-1113\" srcset=\"https:\/\/aalmael.eu\/wp-content\/uploads\/2017\/09\/foto-Calvin-300x225.jpg 300w, https:\/\/aalmael.eu\/wp-content\/uploads\/2017\/09\/foto-Calvin.jpg 567w\" sizes=\"auto, (max-width: 300px) 100vw, 300px\" \/><\/a><\/figure>\n\n\n\n<p><\/p>\n\n\n\n<p><em><span style=\"color: #ff6600;\"><a href=\"https:\/\/aalmael.eu\/?page_id=2\">KNIHA<\/a><\/span><\/em> je nosn\u00fdm prvkem u\u010debn\u00edho souboru Calvinova \u0161kola angli\u010dtiny. <em><a href=\"http:\/\/anglictina123.cz\/domu\/10-kniha-anglictiny-vcetne-audio-cd-9788090682405.html\"><span style=\"color: #ff6600;\">KOUPIT ZDE<\/span><\/a><\/em><\/p>\n\n\n\n<p><em><a href=\"https:\/\/aalmael.eu\/?page_id=335\"><span style=\"color: #ff6600;\">&nbsp;PRACOVN\u00cd SE\u0160IT<\/span><\/a><\/em> slou\u017e\u00ed k hlub\u0161\u00edmu procvi\u010den\u00ed slovn\u00ed z\u00e1soby z knihy. <em><a href=\"http:\/\/anglictina123.cz\/domu\/12-pracovni-sesit-9788090682412.html\"><span style=\"color: #ff6600;\">KOUPIT ZDE<\/span><\/a><\/em><\/p>\n\n\n\n<p><em><a href=\"https:\/\/aalmael.eu\/?page_id=453\"><span style=\"color: #ff6600;\">DIDAKTICK\u00c9 KARTY<\/span><\/a><\/em> jsou vhodn\u00fdm dopl\u0148kem k procvi\u010den\u00ed slovn\u00ed z\u00e1soby z knihy. <em><a href=\"http:\/\/anglictina123.cz\/domu\/14-didakticke-karty-9788090682405.html\"><span style=\"color: #ff6600;\">KOUPIT ZDE<\/span><\/a><\/em><\/p>\n\n\n\n<p>Darovac\u00ed certifik\u00e1ty m\u016f\u017eete <span style=\"color: #ff6600;\"><strong><em><a href=\"http:\/\/anglictina123.cz\/14-darovaci-certifikaty\">ZAKOUPIT ZDE<\/a><\/em><\/strong><\/span><\/p>\n\n\n\n<p>U\u010debn\u00ed soubor <a href=\"https:\/\/aalmael.eu\/?page_id=278\"><span style=\"color: #ff6600;\"><em>Calvinova \u0161kola angli\u010dtiny<\/em><\/span><\/a> je koncipov\u00e1n tak, aby kniha, audio CD, pracovn\u00ed se\u0161it i didaktick\u00e9 karty <strong>byly p\u0159\u00ednosn\u00e9 i samostatn\u011b.<\/strong><\/p>\n\n\n\n<p><a href=\"https:\/\/www.youtube.com\/watch?v=fcZfBpqEAL8\"><span style=\"color: #333399;\">P\u0159edstaven\u00ed v \u010desk\u00e9m znakov\u00e9m jazyce <mark style=\"background-color:rgba(0, 0, 0, 0)\" class=\"has-inline-color has-light-green-cyan-color\"><strong>ZDE<\/strong><\/mark>:<\/span> <em>Kliknut\u00edm na tento odkaz se zobraz\u00ed p\u0159edstaven\u00ed knihy v \u010cZJ na Youtube.<\/em><\/a><\/p>\n\n\n<div class=\"video-wrapper\"><iframe loading=\"lazy\" src=\"http:\/\/www.youtube.com\/embed\/fcZfBpqEAL8\" width=\"560\" height=\"315\" frameborder=\"0\" allowfullscreen><\/iframe><\/div>\n\n\n\n<p><\/p>\n","protected":false},"excerpt":{"rendered":"<p>Publikace jsou bilingv\u00e1ln\u00ed ANGLICKO-\u010cESK\u00c9! Sou\u010d\u00e1st\u00ed knihy je audio CD pro poslech spr\u00e1vn\u00e9 v\u00fdslovnosti (v\u00fdslovnosti anglick\u00e9 i \u010desk\u00e9). Koup\u00ed publikac\u00ed&nbsp;p\u0159isp\u011bjete na n\u00e1kup publikac\u00ed pro d\u011bti v \u010cesk\u00e9 republice \u2013 d\u011bti z r\u016fzn\u00fdch nada\u010dn\u00edch fond\u016f, ale tak\u00e9 z M\u0160, Z\u0160, DD a d\u00e1le podpo\u0159\u00edte organizace pe\u010duj\u00edc\u00ed o zv\u00ed\u0159ata. &nbsp;Vy obdr\u017e\u00edte CERTIFIK\u00c1T pro d\u00e1rce projektu Aalma L. \u2013 [&hellip;]<\/p>\n","protected":false},"author":1,"featured_media":0,"parent":0,"menu_order":0,"comment_status":"closed","ping_status":"closed","template":"","meta":{"footnotes":""},"class_list":["post-715","page","type-page","status-publish","hentry"],"_links":{"self":[{"href":"https:\/\/aalmael.eu\/index.php?rest_route=\/wp\/v2\/pages\/715","targetHints":{"allow":["GET"]}}],"collection":[{"href":"https:\/\/aalmael.eu\/index.php?rest_route=\/wp\/v2\/pages"}],"about":[{"href":"https:\/\/aalmael.eu\/index.php?rest_route=\/wp\/v2\/types\/page"}],"author":[{"embeddable":true,"href":"https:\/\/aalmael.eu\/index.php?rest_route=\/wp\/v2\/users\/1"}],"replies":[{"embeddable":true,"href":"https:\/\/aalmael.eu\/index.php?rest_route=%2Fwp%2Fv2%2Fcomments&post=715"}],"version-history":[{"count":39,"href":"https:\/\/aalmael.eu\/index.php?rest_route=\/wp\/v2\/pages\/715\/revisions"}],"predecessor-version":[{"id":1740,"href":"https:\/\/aalmael.eu\/index.php?rest_route=\/wp\/v2\/pages\/715\/revisions\/1740"}],"wp:attachment":[{"href":"https:\/\/aalmael.eu\/index.php?rest_route=%2Fwp%2Fv2%2Fmedia&parent=715"}],"curies":[{"name":"wp","href":"https:\/\/api.w.org\/{rel}","templated":true}]}}