{"id":466,"date":"2017-06-17T17:33:53","date_gmt":"2017-06-17T17:33:53","guid":{"rendered":"http:\/\/aalmael.eu\/?page_id=466"},"modified":"2018-12-04T18:47:53","modified_gmt":"2018-12-04T18:47:53","slug":"cenik","status":"publish","type":"page","link":"https:\/\/aalmael.eu\/?page_id=466","title":{"rendered":"E-shop"},"content":{"rendered":"<ul>\n<li>\n<h1><a href=\"http:\/\/anglictina123.cz\/\"><em><strong><span style=\"color: #000080;\">E-shop \u00a0VSTUPTE\u00a0<\/span>\u00a0<\/strong><\/em><em><strong><img loading=\"lazy\" decoding=\"async\" class=\"alignnone size-full wp-image-626\" src=\"https:\/\/aalmael.eu\/wp-content\/uploads\/2016\/08\/cropped-LogoWeb.jpg\" alt=\"\" width=\"133\" height=\"110\" \/><\/strong><\/em><\/a><\/h1>\n<\/li>\n<\/ul>\n<p>&nbsp;<\/p>\n<p><em>PO\u0160TOVN\u00c9 ZDARMA!!<\/em><\/p>\n<p style=\"text-align: left;\"><em><a href=\"http:\/\/anglictina123.cz\/content\/3-terms-and-conditions-of-use\">Obchodn\u00ed podm\u00ednky zde<\/a><\/em><\/p>\n","protected":false},"excerpt":{"rendered":"<p>E-shop \u00a0VSTUPTE\u00a0\u00a0 &nbsp; PO\u0160TOVN\u00c9 ZDARMA!! Obchodn\u00ed podm\u00ednky zde<\/p>\n","protected":false},"author":1,"featured_media":0,"parent":0,"menu_order":0,"comment_status":"closed","ping_status":"closed","template":"","meta":{"footnotes":""},"class_list":["post-466","page","type-page","status-publish","hentry"],"_links":{"self":[{"href":"https:\/\/aalmael.eu\/index.php?rest_route=\/wp\/v2\/pages\/466","targetHints":{"allow":["GET"]}}],"collection":[{"href":"https:\/\/aalmael.eu\/index.php?rest_route=\/wp\/v2\/pages"}],"about":[{"href":"https:\/\/aalmael.eu\/index.php?rest_route=\/wp\/v2\/types\/page"}],"author":[{"embeddable":true,"href":"https:\/\/aalmael.eu\/index.php?rest_route=\/wp\/v2\/users\/1"}],"replies":[{"embeddable":true,"href":"https:\/\/aalmael.eu\/index.php?rest_route=%2Fwp%2Fv2%2Fcomments&post=466"}],"version-history":[{"count":50,"href":"https:\/\/aalmael.eu\/index.php?rest_route=\/wp\/v2\/pages\/466\/revisions"}],"predecessor-version":[{"id":1206,"href":"https:\/\/aalmael.eu\/index.php?rest_route=\/wp\/v2\/pages\/466\/revisions\/1206"}],"wp:attachment":[{"href":"https:\/\/aalmael.eu\/index.php?rest_route=%2Fwp%2Fv2%2Fmedia&parent=466"}],"curies":[{"name":"wp","href":"https:\/\/api.w.org\/{rel}","templated":true}]}}