{"id":335,"date":"2017-02-05T20:14:38","date_gmt":"2017-02-05T20:14:38","guid":{"rendered":"http:\/\/aalmael.eu\/?page_id=335"},"modified":"2025-04-15T09:25:09","modified_gmt":"2025-04-15T09:25:09","slug":"pracovni-sesit-2","status":"publish","type":"page","link":"https:\/\/aalmael.eu\/?page_id=335","title":{"rendered":"PRACOVN\u00cd SE\u0160IT"},"content":{"rendered":"<div class=\"wp-block-image\">\n<figure class=\"alignleft\"><a href=\"https:\/\/aalmael.eu\/wp-content\/uploads\/2017\/09\/Pracovn\u00ed-se\u0161it-www.jpg\"><img loading=\"lazy\" decoding=\"async\" width=\"300\" height=\"221\" src=\"https:\/\/aalmael.eu\/wp-content\/uploads\/2017\/09\/Pracovn\u00ed-se\u0161it-www-300x221.jpg\" alt=\"\" class=\"wp-image-828\" srcset=\"https:\/\/aalmael.eu\/wp-content\/uploads\/2017\/09\/Pracovn\u00ed-se\u0161it-www-300x221.jpg 300w, https:\/\/aalmael.eu\/wp-content\/uploads\/2017\/09\/Pracovn\u00ed-se\u0161it-www-768x566.jpg 768w, https:\/\/aalmael.eu\/wp-content\/uploads\/2017\/09\/Pracovn\u00ed-se\u0161it-www.jpg 1000w\" sizes=\"auto, (max-width: 300px) 100vw, 300px\" \/><\/a><\/figure>\n<\/div>\n\n\n<p><\/p>\n\n\n\n<p>&nbsp;<\/p>\n\n\n\n<p>&nbsp;<\/p>\n\n\n\n<p>&nbsp;<\/p>\n\n\n\n<p>&nbsp;<\/p>\n\n\n\n<p>&nbsp;<\/p>\n\n\n\n<p>&nbsp;<\/p>\n\n\n\n<p class=\"has-text-align-right\"><strong>Cena: K\u010d 250,-<\/strong><\/p>\n\n\n\n<p class=\"has-text-align-right\"><strong><span style=\"color: #ff6600;\">\u2192&nbsp; &nbsp;<a href=\"http:\/\/anglictina123.cz\/domu\/12-pracovni-sesit-9788090682412.html\"><em>&nbsp;KOUPIT SE\u0160IT &nbsp; \u2190<\/em><\/a><\/span><\/strong><\/p>\n\n\n\n<p>&nbsp;<\/p>\n\n\n\n<p>&nbsp;<\/p>\n\n\n\n<hr class=\"wp-block-separator has-alpha-channel-opacity\"\/>\n\n\n\n<p><strong>Koup\u00ed t\u00e9to publikace<\/strong> <strong>p\u0159isp\u011bjete na n\u00e1kup publikac\u00ed pro d\u011bti v \u010cesk\u00e9 republice<\/strong> \u2013 d\u011bti z r\u016fzn\u00fdch nada\u010dn\u00edch fond\u016f, ale tak\u00e9 z M\u0160, Z\u0160, DD Vy obdr\u017e\u00edte\u00a0CERTIFIK\u00c1T pro d\u00e1rce projektu Aalma L. \u2013 podpora vzd\u011bl\u00e1v\u00e1n\u00ed <em>(na va\u0161i e-mailovou adresu)<\/em>.<\/p>\n\n\n\n<p>POPIS<\/p>\n\n\n\n<ul class=\"wp-block-list\">\n<li>Pracovn\u00ed se\u0161it m\u00e1 n\u00e1zev\u00a0<span style=\"color: #000080;\">Calvin\u00b4s Fun book &#8211; Z\u00e1bavn\u00e1 kniha 1\u00a0<\/span>slou\u017e\u00ed k procvi\u010den\u00ed slovn\u00ed z\u00e1soby z knihy angli\u010dtiny\u00a0<a href=\"https:\/\/aalmael.eu\/?page_id=2\"><span style=\"color: #ff6600;\"><em>Calvin\u00b4s English for children &#8211; Angli\u010dtina pro d\u011bti<\/em> <\/span><\/a>(d\u00e1le jen kniha).<\/li>\n\n\n\n<li>Pracovn\u00ed se\u0161it i kniha jsou vhodn\u00e9 k individu\u00e1ln\u00ed, ale tak\u00e9 skupinov\u00e9 v\u00fduce anglick\u00e9ho<br><br>jazyka. Z\u00e1bavnou formou uv\u00e1d\u00ed p\u0159ed\u0161kol\u00e1ky a mal\u00e9 \u0161kol\u00e1ky do z\u00e1klad\u016f angli\u010dtiny a podporuj\u00ed<br><br>rozvoj jejich z\u00e1jmu o ciz\u00ed jazyk.<\/li>\n\n\n\n<li>Cvi\u010den\u00ed jsou r\u016fzn\u011b obt\u00ed\u017en\u00e1. Pro ty nejmen\u0161\u00ed jsou p\u0159ipravena nap\u0159. vybarvovac\u00ed cvi\u010den\u00ed,<br><br>nach\u00e1zen\u00ed rozd\u00edl\u016f v obr\u00e1zc\u00edch, obtahov\u00e1n\u00ed tvar\u016f atd. Zdatn\u011bj\u0161\u00ed d\u011bti zde najdou k\u0159\u00ed\u017eovky,<br><br>dopl\u0148ov\u00e1n\u00ed p\u00edsmen, konverza\u010dn\u00ed \u00fakoly a dal\u0161\u00ed.<\/li>\n\n\n\n<li>Pracovn\u00ed se\u0161it je rozd\u011blen do t\u0159\u00ed \u010d\u00e1sti, stejn\u011b jako kniha.<br><br><span style=\"color: #0000ff;\">Abeceda a zv\u00ed\u0159ata;<\/span> <span style=\"color: #800000;\">barvy a j\u00eddlo;<\/span> <span style=\"color: #008000;\">\u010d\u00edsla a tvary.<\/span><\/li>\n\n\n\n<li>N\u011bkter\u00e1 cvi\u010den\u00ed jsou ozna\u010dena kl\u00ed\u010dem. Kontrolu spr\u00e1vnosti vypln\u011bn\u00ed t\u011bchto \u00fakol\u016f<br><br>si m\u016f\u017eete zkontrolovat v kl\u00ed\u010di, kter\u00fd m\u016f\u017eete zdarma obdr\u017eet <em>(nutno p\u0159ipsat do Pozn\u00e1mky v objedn\u00e1vce, \u017ee o kl\u00ed\u010d m\u00e1te z\u00e1jem a napsat va\u0161i mailovou adresu, kam v\u00e1m Kl\u00ed\u010d bude zasl\u00e1n ve form\u00e1tu pdf).<\/em><\/li>\n<\/ul>\n\n\n\n<p>P\u0159ejeme p\u0159\u00edjemnou z\u00e1bavu a hodn\u011b \u00fasp\u011bch\u016f p\u0159i studiu ciz\u00edch jazyk\u016f.<\/p>\n\n\n\n<p>&nbsp;<\/p>\n\n\n\n<p>Cena: K\u010d 250,-<\/p>\n\n\n\n<p><span style=\"color: #ff6600;\"><em>&nbsp;<a href=\"http:\/\/anglictina123.cz\/domu\/12-pracovni-sesit-9788090682412.html\">KOUPIT SE\u0160IT<\/a><\/em><\/span><\/p>\n\n\n\n<p>&nbsp;<\/p>\n\n\n\n<hr class=\"wp-block-separator has-alpha-channel-opacity\"\/>\n\n\n\n<p>Mohlo by se v\u00e1m d\u00e1le l\u00edbit \u2665:<\/p>\n\n\n\n<p><em><span style=\"color: #ff6600;\"><a href=\"https:\/\/aalmael.eu\/?page_id=2\">Kniha<\/a> &nbsp;<\/span>&nbsp; &nbsp; &nbsp; &nbsp; &nbsp; &nbsp; &nbsp;&nbsp;<span style=\"color: #ff6600;\"><a href=\"https:\/\/aalmael.eu\/?page_id=453\">Didaktick\u00e9 karty<\/a>&nbsp; &nbsp; &nbsp; &nbsp; &nbsp; &nbsp; &nbsp; &nbsp; &nbsp;<a href=\"https:\/\/aalmael.eu\/?page_id=278\">Calvinova \u0161kola angli\u010dtiny<\/a>&nbsp; &nbsp; &nbsp; &nbsp; &nbsp; &nbsp; &nbsp; &nbsp; &nbsp;<a href=\"https:\/\/aalmael.eu\/?page_id=741\">Zv\u00fdhodn\u011bn\u00e9 sady<\/a> <\/span>&nbsp; &nbsp; <\/em><\/p>\n\n\n\n<p><em><a href=\"http:\/\/anglictina123.cz\/14-darkove-certifikaty\"><span style=\"color: #ff6600;\">Darovac\u00ed certifik\u00e1ty<\/span><\/a> &nbsp;&nbsp;<\/em><\/p>\n\n\n\n<p><\/p>\n","protected":false},"excerpt":{"rendered":"<p>&nbsp; &nbsp; &nbsp; &nbsp; &nbsp; &nbsp; Cena: K\u010d 250,- \u2192&nbsp; &nbsp;&nbsp;KOUPIT SE\u0160IT &nbsp; \u2190 &nbsp; &nbsp; Koup\u00ed t\u00e9to publikace p\u0159isp\u011bjete na n\u00e1kup publikac\u00ed pro d\u011bti v \u010cesk\u00e9 republice \u2013 d\u011bti z r\u016fzn\u00fdch nada\u010dn\u00edch fond\u016f, ale tak\u00e9 z M\u0160, Z\u0160, DD Vy obdr\u017e\u00edte\u00a0CERTIFIK\u00c1T pro d\u00e1rce projektu Aalma L. \u2013 podpora vzd\u011bl\u00e1v\u00e1n\u00ed (na va\u0161i e-mailovou adresu). POPIS [&hellip;]<\/p>\n","protected":false},"author":1,"featured_media":0,"parent":0,"menu_order":0,"comment_status":"closed","ping_status":"closed","template":"","meta":{"footnotes":""},"class_list":["post-335","page","type-page","status-publish","hentry"],"_links":{"self":[{"href":"https:\/\/aalmael.eu\/index.php?rest_route=\/wp\/v2\/pages\/335","targetHints":{"allow":["GET"]}}],"collection":[{"href":"https:\/\/aalmael.eu\/index.php?rest_route=\/wp\/v2\/pages"}],"about":[{"href":"https:\/\/aalmael.eu\/index.php?rest_route=\/wp\/v2\/types\/page"}],"author":[{"embeddable":true,"href":"https:\/\/aalmael.eu\/index.php?rest_route=\/wp\/v2\/users\/1"}],"replies":[{"embeddable":true,"href":"https:\/\/aalmael.eu\/index.php?rest_route=%2Fwp%2Fv2%2Fcomments&post=335"}],"version-history":[{"count":55,"href":"https:\/\/aalmael.eu\/index.php?rest_route=\/wp\/v2\/pages\/335\/revisions"}],"predecessor-version":[{"id":1752,"href":"https:\/\/aalmael.eu\/index.php?rest_route=\/wp\/v2\/pages\/335\/revisions\/1752"}],"wp:attachment":[{"href":"https:\/\/aalmael.eu\/index.php?rest_route=%2Fwp%2Fv2%2Fmedia&parent=335"}],"curies":[{"name":"wp","href":"https:\/\/api.w.org\/{rel}","templated":true}]}}