{"id":27,"date":"2016-08-13T07:12:30","date_gmt":"2016-08-13T07:12:30","guid":{"rendered":"http:\/\/aalmael.eu\/?page_id=27"},"modified":"2024-11-20T12:33:14","modified_gmt":"2024-11-20T12:33:14","slug":"kontakt","status":"publish","type":"page","link":"https:\/\/aalmael.eu\/?page_id=27","title":{"rendered":"Kontakt"},"content":{"rendered":"<p style=\"text-align: left;\"><a href=\"https:\/\/aalmael.eu\/wp-content\/uploads\/2016\/08\/LogoWeb.jpg\"><img loading=\"lazy\" decoding=\"async\" class=\"alignnone wp-image-188 aligncenter\" src=\"https:\/\/aalmael.eu\/wp-content\/uploads\/2016\/08\/LogoWeb-300x247.jpg\" alt=\"Logo Alma\" width=\"130\" height=\"107\" srcset=\"https:\/\/aalmael.eu\/wp-content\/uploads\/2016\/08\/LogoWeb-300x247.jpg 300w, https:\/\/aalmael.eu\/wp-content\/uploads\/2016\/08\/LogoWeb-768x633.jpg 768w, https:\/\/aalmael.eu\/wp-content\/uploads\/2016\/08\/LogoWeb-1024x845.jpg 1024w, https:\/\/aalmael.eu\/wp-content\/uploads\/2016\/08\/LogoWeb.jpg 1250w\" sizes=\"auto, (max-width: 130px) 100vw, 130px\" \/><\/a><\/p>\n<p style=\"text-align: center;\">Nakladatelstv\u00ed Lucie \u0160lap\u00e1kov\u00e1 &#8211; Aalma L.<\/p>\n<p style=\"text-align: center;\">Kontaktujte n\u00e1s:<\/p>\n<p style=\"text-align: center;\"><strong>+420 608 880 422 \u00a0 \u00a0 \u00a0 <\/strong>Bc.\u00a0Lucie \u0160lap\u00e1kov\u00e1<\/p>\n<p style=\"text-align: center;\">aalmael@aalmael.eu<\/p>\n<p style=\"text-align: center;\">Facebook:<\/p>\n<div class=\"_4-u2 _2phz _4-u8\" style=\"text-align: center;\">\n<div id=\"u_jsonp_4_5\">\n<div class=\"_qa1\">\n<div class=\"_1jts uiPopover _6a _6b\"><\/div>\n<\/div>\n<\/div>\n<\/div>\n<div class=\"_19sz\">\n<div class=\"_19s-\">\n<div>\n<div>\n<div style=\"text-align: center;\"><span class=\"_33vv\"><a href=\"https:\/\/www.facebook.com\/aalmael\/\">Calvin&#8217;s English by Aalma L.<\/a><\/span><\/div>\n<\/div>\n<\/div>\n<\/div>\n<\/div>\n<p style=\"text-align: center;\">Instagram:<\/p>\n<p style=\"text-align: center;\"><a class=\"_2g7d5 notranslate _iadoq\" title=\"aalmael.calvin\" href=\"https:\/\/www.instagram.com\/aalmael.calvin\/\">aalmael.calvin<\/a><\/p>\n<p style=\"text-align: left;\"><span style=\"color: #ff6600;\"><em><a href=\"https:\/\/aalmael.eu\/\">Dom\u016f<\/a><\/em><\/span><\/p>\n","protected":false},"excerpt":{"rendered":"<p>Nakladatelstv\u00ed Lucie \u0160lap\u00e1kov\u00e1 &#8211; Aalma L. Kontaktujte n\u00e1s: +420 608 880 422 \u00a0 \u00a0 \u00a0 Bc.\u00a0Lucie \u0160lap\u00e1kov\u00e1 aalmael@aalmael.eu Facebook: Calvin&#8217;s English by Aalma L. Instagram: aalmael.calvin Dom\u016f<\/p>\n","protected":false},"author":1,"featured_media":0,"parent":0,"menu_order":0,"comment_status":"closed","ping_status":"closed","template":"","meta":{"footnotes":""},"class_list":["post-27","page","type-page","status-publish","hentry"],"_links":{"self":[{"href":"https:\/\/aalmael.eu\/index.php?rest_route=\/wp\/v2\/pages\/27","targetHints":{"allow":["GET"]}}],"collection":[{"href":"https:\/\/aalmael.eu\/index.php?rest_route=\/wp\/v2\/pages"}],"about":[{"href":"https:\/\/aalmael.eu\/index.php?rest_route=\/wp\/v2\/types\/page"}],"author":[{"embeddable":true,"href":"https:\/\/aalmael.eu\/index.php?rest_route=\/wp\/v2\/users\/1"}],"replies":[{"embeddable":true,"href":"https:\/\/aalmael.eu\/index.php?rest_route=%2Fwp%2Fv2%2Fcomments&post=27"}],"version-history":[{"count":49,"href":"https:\/\/aalmael.eu\/index.php?rest_route=\/wp\/v2\/pages\/27\/revisions"}],"predecessor-version":[{"id":1699,"href":"https:\/\/aalmael.eu\/index.php?rest_route=\/wp\/v2\/pages\/27\/revisions\/1699"}],"wp:attachment":[{"href":"https:\/\/aalmael.eu\/index.php?rest_route=%2Fwp%2Fv2%2Fmedia&parent=27"}],"curies":[{"name":"wp","href":"https:\/\/api.w.org\/{rel}","templated":true}]}}