{"id":2008,"date":"2026-04-05T08:28:20","date_gmt":"2026-04-05T08:28:20","guid":{"rendered":"https:\/\/aalmael.eu\/?page_id=2008"},"modified":"2026-04-06T09:37:26","modified_gmt":"2026-04-06T09:37:26","slug":"ubytovani-2","status":"publish","type":"page","link":"https:\/\/aalmael.eu\/?page_id=2008","title":{"rendered":"Ubytov\u00e1n\u00ed"},"content":{"rendered":"\n<p>Chyst\u00e1te cestu do z\u00e1padn\u00edch \u010cech? Rezervujte si ubytov\u00e1n\u00ed v Apartm\u00e1nu Na Str\u00e1ni v klidn\u00e9 lokalit\u011b Tachova, v doch\u00e1zkov\u00e9 vzd\u00e1lenosti do centra m\u011bsta (cca 10 min p\u011b\u0161ky).<\/p>\n\n\n\n<p><strong><a href=\"https:\/\/www.booking.com\/hotel\/cz\/apartman-na-strani-tachov.cs.html?label=gen173nr-10CAEoggI46AdIM1gEaDqIAQGYATO4ARfIARXYAQPoAQH4AQGIAgGoAgG4AuamuM4GwAIB0gIkNWE0ZmI2NDctNzk4Mi00ZGFiLTg4NjMtM2FkNDNiMDBhYmM12AIB4AIB&amp;aid=304142&amp;ucfs=1&amp;arphpl=1&amp;checkin=2026-05-23&amp;checkout=2026-05-24&amp;dest_id=-556520&amp;dest_type=city&amp;group_adults=7&amp;req_adults=7&amp;no_rooms=3&amp;group_children=0&amp;req_children=0&amp;hpos=1&amp;hapos=1&amp;sr_order=popularity&amp;srpvid=cd7f3a06f7f208d6&amp;srepoch=1775376916&amp;all_sr_blocks=1606469702_431583868_4_0_0%2C1606469701_431583868_2_0_0%2C1606469703_431583868_1_0_0&amp;highlighted_blocks=1606469702_431583868_4_0_0%2C1606469701_431583868_2_0_0%2C1606469703_431583868_1_0_0&amp;matching_block_id=1606469702_431583868_4_0_0&amp;sr_pri_blocks=1606469702_431583868_4_0_0__7548%2C1606469701_431583868_2_0_0__5372%2C1606469703_431583868_1_0_0__4284&amp;from=searchresults\">Rezervace p\u0159es Booking.com ZDE<\/a><\/strong><\/p>\n\n\n\n<p><strong><a href=\"https:\/\/www.airbnb.cz\/rooms\/1626851342794742737?adults=2&amp;search_mode=regular_search&amp;check_in=2026-04-14&amp;check_out=2026-04-19&amp;children=0&amp;infants=0&amp;pets=0&amp;source_impression_id=p3_1775377038_P3dDHd7zck-YnkJB&amp;previous_page_section_name=1000&amp;federated_search_id=43bc385f-a192-4bf8-8d3a-9da7b21e4238\">Rezervace p\u0159es Airbnb.cz ZDE<\/a><\/strong><\/p>\n\n\n\n<figure class=\"wp-block-image size-large\"><a href=\"https:\/\/aalmael.eu\/wp-content\/uploads\/2026\/04\/letacek2-1-scaled.jpg\"><img loading=\"lazy\" decoding=\"async\" width=\"724\" height=\"1024\" src=\"https:\/\/aalmael.eu\/wp-content\/uploads\/2026\/04\/letacek2-1-724x1024.jpg\" alt=\"\" class=\"wp-image-2013\" srcset=\"https:\/\/aalmael.eu\/wp-content\/uploads\/2026\/04\/letacek2-1-724x1024.jpg 724w, https:\/\/aalmael.eu\/wp-content\/uploads\/2026\/04\/letacek2-1-212x300.jpg 212w, https:\/\/aalmael.eu\/wp-content\/uploads\/2026\/04\/letacek2-1-768x1086.jpg 768w, https:\/\/aalmael.eu\/wp-content\/uploads\/2026\/04\/letacek2-1-1086x1536.jpg 1086w, https:\/\/aalmael.eu\/wp-content\/uploads\/2026\/04\/letacek2-1-1448x2048.jpg 1448w, https:\/\/aalmael.eu\/wp-content\/uploads\/2026\/04\/letacek2-1-scaled.jpg 1810w\" sizes=\"auto, (max-width: 724px) 100vw, 724px\" \/><\/a><\/figure>\n","protected":false},"excerpt":{"rendered":"<p>Chyst\u00e1te cestu do z\u00e1padn\u00edch \u010cech? Rezervujte si ubytov\u00e1n\u00ed v Apartm\u00e1nu Na Str\u00e1ni v klidn\u00e9 lokalit\u011b Tachova, v doch\u00e1zkov\u00e9 vzd\u00e1lenosti do centra m\u011bsta (cca 10 min p\u011b\u0161ky). Rezervace p\u0159es Booking.com ZDE Rezervace p\u0159es Airbnb.cz ZDE<\/p>\n","protected":false},"author":1,"featured_media":0,"parent":0,"menu_order":0,"comment_status":"closed","ping_status":"closed","template":"","meta":{"footnotes":""},"class_list":["post-2008","page","type-page","status-publish","hentry"],"_links":{"self":[{"href":"https:\/\/aalmael.eu\/index.php?rest_route=\/wp\/v2\/pages\/2008","targetHints":{"allow":["GET"]}}],"collection":[{"href":"https:\/\/aalmael.eu\/index.php?rest_route=\/wp\/v2\/pages"}],"about":[{"href":"https:\/\/aalmael.eu\/index.php?rest_route=\/wp\/v2\/types\/page"}],"author":[{"embeddable":true,"href":"https:\/\/aalmael.eu\/index.php?rest_route=\/wp\/v2\/users\/1"}],"replies":[{"embeddable":true,"href":"https:\/\/aalmael.eu\/index.php?rest_route=%2Fwp%2Fv2%2Fcomments&post=2008"}],"version-history":[{"count":2,"href":"https:\/\/aalmael.eu\/index.php?rest_route=\/wp\/v2\/pages\/2008\/revisions"}],"predecessor-version":[{"id":2014,"href":"https:\/\/aalmael.eu\/index.php?rest_route=\/wp\/v2\/pages\/2008\/revisions\/2014"}],"wp:attachment":[{"href":"https:\/\/aalmael.eu\/index.php?rest_route=%2Fwp%2Fv2%2Fmedia&parent=2008"}],"curies":[{"name":"wp","href":"https:\/\/api.w.org\/{rel}","templated":true}]}}