{"id":2,"date":"2014-08-29T12:48:08","date_gmt":"2014-08-29T12:48:08","guid":{"rendered":"http:\/\/wp.appi.pro\/domains\/wp.appi.pro\/?page_id=2"},"modified":"2025-04-15T09:11:49","modified_gmt":"2025-04-15T09:11:49","slug":"sample-page","status":"publish","type":"page","link":"https:\/\/aalmael.eu\/?page_id=2","title":{"rendered":"KNIHA ANGLI\u010cTINY V\u010cETN\u011a AUDIO CD"},"content":{"rendered":"\n<h4 class=\"wp-block-heading\"><figure><a href=\"https:\/\/aalmael.eu\/wp-content\/uploads\/2017\/06\/kniha-CD-1-net.jpg\"><img loading=\"lazy\" decoding=\"async\" class=\"wp-image-399 alignleft\" src=\"https:\/\/aalmael.eu\/wp-content\/uploads\/2017\/06\/kniha-CD-1-net.jpg\" alt=\"\" width=\"463\" height=\"393\" srcset=\"https:\/\/aalmael.eu\/wp-content\/uploads\/2017\/06\/kniha-CD-1-net.jpg 567w, https:\/\/aalmael.eu\/wp-content\/uploads\/2017\/06\/kniha-CD-1-net-300x255.jpg 300w\" sizes=\"auto, (max-width: 463px) 100vw, 463px\" \/><\/a><\/figure><\/h4>\n\n\n\n<p class=\"has-text-align-center\"><strong>Cena: K\u010d 295,-<\/strong><\/p>\n\n\n\n<p class=\"has-text-align-center\"><span style=\"color: #ff6600;\">&nbsp;<em><a href=\"http:\/\/anglictina123.cz\/domu\/10-kniha-anglictiny-vcetne-audio-cd-9788090682405.html\">KOUPIT KNIHU<\/a>&nbsp;<\/em><\/span><\/p>\n\n\n\n<hr class=\"wp-block-separator has-alpha-channel-opacity\"\/>\n\n\n\n<p><span style=\"color: #33cccc;\">Calvin\u00b4&nbsp; s English for children 1 &#8211; Angli\u010dtina pro d\u011bti 1<\/span><\/p>\n\n\n\n<p><\/p>\n\n\n\n<p><strong>Koup\u00ed t\u00e9to publikace<\/strong> <strong>p\u0159isp\u011bjete na n\u00e1kup publikac\u00ed pro d\u011bti v \u010cesk\u00e9 republice<\/strong> \u2013 d\u011bti z r\u016fzn\u00fdch nada\u010dn\u00edch fond\u016f, ale tak\u00e9 z M\u0160, Z\u0160, DD. &nbsp;Vy obdr\u017e\u00edte&nbsp;CERTIFIK\u00c1T pro d\u00e1rce projektu Aalma L. \u2013 podpora vzd\u011bl\u00e1v\u00e1n\u00ed<em> (na va\u0161i e-mailovou adresu).<\/em><\/p>\n\n\n\n<p><\/p>\n\n\n\n<p><\/p>\n\n\n\n<p><\/p>\n\n\n\n<p><\/p>\n\n\n\n<p>POPIS:<\/p>\n\n\n\n<p>BILINGV\u00c1LN\u00cd KNIHA anglicko-\u010desk\u00e1!<\/p>\n\n\n\n<p>Kniha je ur\u010dena pro p\u0159ed\u0161kol\u00e1ky, mal\u00e9 \u0161kol\u00e1ky a za\u010d\u00e1te\u010dn\u00edky v anglick\u00e9m nebo \u010desk\u00e9m jazyce.<\/p>\n\n\n\n<p>Obsahuje p\u0159\u00edkladov\u00e9 v\u011bty s \u010desk\u00fdm p\u0159ekladem, praktick\u00e1 cvi\u010den\u00ed a slovn\u00ed\u010dek.<\/p>\n\n\n\n<p class=\"has-text-align-left\">Kniha je rozd\u011blena do t\u0159\u00ed \u010d\u00e1st\u00ed se \u0161esti tematick\u00fdmi celky:<\/p>\n\n\n\n<ul class=\"wp-block-list\">\n<li>abeceda a zv\u00ed\u0159ata bary a j\u00eddlo, \u010d\u00edsla a tvary<\/li>\n<\/ul>\n\n\n\n<p>Ka\u017ed\u00e1 \u010d\u00e1st je dopln\u011bna ilustra\u010dn\u00edmi fotografiemi kocoura Calvina,&nbsp;kter\u00fd v\u00e1s knihou provede.<\/p>\n\n\n\n<p>Sou\u010d\u00e1st\u00ed knihy je audio CD s nahr\u00e1vkami v anglick\u00e9m a \u010desk\u00e9m jazyce,&nbsp;<span style=\"line-height: inherit;\">kde si d\u011bti mohou kontrolovat spr\u00e1vnou v\u00fdslovnost.<\/span><\/p>\n\n\n\n<p>\u010cek\u00e1 na v\u00e1s kr\u00e1sn\u00fd design, plnobarevn\u00fd profi tisk s pevnou \u0161itou vazbou ve form\u00e1tu A5, 152 stran.<\/p>\n\n\n\n<p>Tato kniha je \u010d\u00e1st\u00ed u\u010debn\u00edho souboru <em><span style=\"color: #ff6600;\"><a href=\"https:\/\/aalmael.eu\/?page_id=278\"><strong>Calvinova \u0161kola angli\u010dtiny<\/strong><\/a><\/span><\/em>.<\/p>\n\n\n\n<p><strong>Cena: K\u010d 295<\/strong><strong>,-<\/strong><\/p>\n\n\n\n<p class=\"has-text-align-center\"><span style=\"color: #ff6600;\"><em><span style=\"text-decoration: underline;\"><a href=\"https:\/\/aalmael.eu\/?page_id=116\">Uk\u00e1zka z knihy<\/a><\/span>&nbsp; &nbsp; &nbsp; &nbsp; &nbsp; &nbsp; &nbsp; &nbsp; &nbsp; &nbsp; &nbsp; &nbsp;<a style=\"color: #ff6600;\" href=\"http:\/\/anglictina123.cz\/domu\/10-kniha-anglictiny-vcetne-audio-cd-9788090682405.html\">KOUPIT KNIHU<\/a><\/em>&nbsp; &nbsp; &nbsp; &nbsp; &nbsp; &nbsp; <\/span><\/p>\n\n\n\n<hr class=\"wp-block-separator has-alpha-channel-opacity\"\/>\n\n\n\n<p>Mohlo by se v\u00e1m d\u00e1le l\u00edbit \u2665:<\/p>\n\n\n\n<p><span style=\"color: #ff6600;\"><em><a href=\"https:\/\/aalmael.eu\/?page_id=1510\">E-kniha 2<\/a> &nbsp; &nbsp; &nbsp; &nbsp; &nbsp;<a href=\"https:\/\/aalmael.eu\/?page_id=335\">Pracovn\u00ed se\u0161it<\/a>&nbsp; &nbsp; &nbsp; &nbsp; &nbsp; &nbsp; &nbsp; &nbsp;&nbsp;<a href=\"https:\/\/aalmael.eu\/?page_id=453\">Didaktick\u00e9 karty<\/a>&nbsp; &nbsp; &nbsp; &nbsp; &nbsp; &nbsp; &nbsp; &nbsp;&nbsp;<a href=\"https:\/\/aalmael.eu\/?page_id=278\">Calvinova \u0161kola angli\u010dtiny<\/a>&nbsp; &nbsp; &nbsp; &nbsp; &nbsp; &nbsp; &nbsp; &nbsp;&nbsp;<a href=\"https:\/\/aalmael.eu\/?page_id=741\">Zv\u00fdhodn\u011bn\u00e9 sady<\/a> &nbsp;<\/em><\/span><\/p>\n\n\n\n<p><span style=\"color: #ff6600;\"><a href=\"http:\/\/anglictina123.cz\/14-darkove-certifikaty\"><em>Darovac\u00ed certifik\u00e1ty<\/em><\/a><\/span><\/p>\n\n\n\n<p><em style=\"color: #ff6600; line-height: inherit;\"> &nbsp; &nbsp;&nbsp;<\/em><span style=\"color: #ff6600; line-height: inherit;\">&nbsp; &nbsp;&nbsp;<\/span><\/p>\n\n\n\n<p><\/p>\n","protected":false},"excerpt":{"rendered":"<p>Cena: K\u010d 295,- &nbsp;KOUPIT KNIHU&nbsp; Calvin\u00b4&nbsp; s English for children 1 &#8211; Angli\u010dtina pro d\u011bti 1 Koup\u00ed t\u00e9to publikace p\u0159isp\u011bjete na n\u00e1kup publikac\u00ed pro d\u011bti v \u010cesk\u00e9 republice \u2013 d\u011bti z r\u016fzn\u00fdch nada\u010dn\u00edch fond\u016f, ale tak\u00e9 z M\u0160, Z\u0160, DD. &nbsp;Vy obdr\u017e\u00edte&nbsp;CERTIFIK\u00c1T pro d\u00e1rce projektu Aalma L. \u2013 podpora vzd\u011bl\u00e1v\u00e1n\u00ed (na va\u0161i e-mailovou adresu). POPIS: [&hellip;]<\/p>\n","protected":false},"author":1,"featured_media":0,"parent":0,"menu_order":0,"comment_status":"open","ping_status":"open","template":"","meta":{"footnotes":""},"class_list":["post-2","page","type-page","status-publish","hentry"],"_links":{"self":[{"href":"https:\/\/aalmael.eu\/index.php?rest_route=\/wp\/v2\/pages\/2","targetHints":{"allow":["GET"]}}],"collection":[{"href":"https:\/\/aalmael.eu\/index.php?rest_route=\/wp\/v2\/pages"}],"about":[{"href":"https:\/\/aalmael.eu\/index.php?rest_route=\/wp\/v2\/types\/page"}],"author":[{"embeddable":true,"href":"https:\/\/aalmael.eu\/index.php?rest_route=\/wp\/v2\/users\/1"}],"replies":[{"embeddable":true,"href":"https:\/\/aalmael.eu\/index.php?rest_route=%2Fwp%2Fv2%2Fcomments&post=2"}],"version-history":[{"count":141,"href":"https:\/\/aalmael.eu\/index.php?rest_route=\/wp\/v2\/pages\/2\/revisions"}],"predecessor-version":[{"id":1747,"href":"https:\/\/aalmael.eu\/index.php?rest_route=\/wp\/v2\/pages\/2\/revisions\/1747"}],"wp:attachment":[{"href":"https:\/\/aalmael.eu\/index.php?rest_route=%2Fwp%2Fv2%2Fmedia&parent=2"}],"curies":[{"name":"wp","href":"https:\/\/api.w.org\/{rel}","templated":true}]}}