{"id":1510,"date":"2022-06-04T14:00:21","date_gmt":"2022-06-04T14:00:21","guid":{"rendered":"http:\/\/aalmael.eu\/?page_id=1510"},"modified":"2025-04-15T09:14:33","modified_gmt":"2025-04-15T09:14:33","slug":"calvin-s-english-for-children-2-anglictina-pro-deti-2","status":"publish","type":"page","link":"https:\/\/aalmael.eu\/?page_id=1510","title":{"rendered":"Kniha 2. d\u00edl"},"content":{"rendered":"<div class=\"wp-block-image\">\n<figure class=\"alignleft size-large is-resized\"><a href=\"https:\/\/aalmael.eu\/wp-content\/uploads\/2022\/06\/Calvin-2.jpg\"><img loading=\"lazy\" decoding=\"async\" width=\"1024\" height=\"775\" src=\"https:\/\/aalmael.eu\/wp-content\/uploads\/2022\/06\/Calvin-2-1024x775.jpg\" alt=\"\" class=\"wp-image-1512\" style=\"width:404px;height:305px\" srcset=\"https:\/\/aalmael.eu\/wp-content\/uploads\/2022\/06\/Calvin-2-1024x775.jpg 1024w, https:\/\/aalmael.eu\/wp-content\/uploads\/2022\/06\/Calvin-2-300x227.jpg 300w, https:\/\/aalmael.eu\/wp-content\/uploads\/2022\/06\/Calvin-2-768x581.jpg 768w, https:\/\/aalmael.eu\/wp-content\/uploads\/2022\/06\/Calvin-2.jpg 1528w\" sizes=\"auto, (max-width: 1024px) 100vw, 1024px\" \/><\/a><\/figure>\n<\/div>\n\n\n<p><\/p>\n\n\n\n<p><\/p>\n\n\n\n<p><strong>Cena: K\u010d 150,-<\/strong><\/p>\n\n\n\n<p><a href=\"http:\/\/anglictina123.cz\/domu\/35-calvins-english-for-children-2-anglictina-pro-deti-2.html\"><span class=\"has-inline-color has-luminous-vivid-amber-color\"><em>KOUPIT E-KNIHU<\/em><\/span><\/a><\/p>\n\n\n\n<p><\/p>\n\n\n\n<p><\/p>\n\n\n\n<p><\/p>\n\n\n\n<p><\/p>\n\n\n\n<p><\/p>\n\n\n\n<h3 class=\"wp-block-heading\"><span class=\"has-inline-color has-pale-cyan-blue-color\">Calvin\u00b4 s English for children 2 &#8211; Angli\u010dtina pro d\u011bti 2<\/span><\/h3>\n\n\n\n<h4 class=\"wp-block-heading\">Bilingvn\u00ed anglicko-\u010desk\u00e1 e-kniha pro d\u011bti<\/h4>\n\n\n\n<h5 class=\"wp-block-heading\">E-kniha je ur\u010dena pro p\u0159ed\u0161kol\u00e1ky a mal\u00e9 \u0161kol\u00e1ky, za\u010d\u00e1te\u010dn\u00edky v anglick\u00e9m nebo \u010desk\u00e9m jazyce.<\/h5>\n\n\n\n<p>Obsahuje p\u0159\u00edkladov\u00e9 v\u011bty s \u010desk\u00fdm p\u0159ekladem, praktick\u00e1 cvi\u010den\u00ed a slovn\u00ed\u010dek.<\/p>\n\n\n\n<h5 class=\"wp-block-heading\">E-kniha je rozd\u011blena do osmi tematick\u00fdch celk\u016f:<\/h5>\n\n\n\n<ul class=\"wp-block-list\">\n<li>D\u016fm a kamar\u00e1di; Hudba a rodina; Oble\u010den\u00ed a t\u011blo; Dopravn\u00ed prost\u0159edky a zam\u011bstn\u00e1n\u00ed<\/li>\n<\/ul>\n\n\n\n<p>Ka\u017ed\u00e1 \u010d\u00e1st je dopln\u011bna fotografiemi kocoura Calvina,&nbsp;kter\u00fd v\u00e1s e-knihou provede.<\/p>\n\n\n\n<p>\u010cek\u00e1 na v\u00e1s 70 stran kr\u00e1sn\u00e9ho designu ve form\u00e1tu&nbsp;<strong>pdf.<\/strong><\/p>\n\n\n\n<h5 class=\"wp-block-heading\">Tato e-kniha je \u010d\u00e1st\u00ed u\u010debn\u00edho souboru Calvinova \u0161kola angli\u010dtiny.<\/h5>\n\n\n\n<p><strong><em>Form\u00e1t pdf<\/em><\/strong><\/p>\n\n\n\n<p>70 stran<\/p>\n\n\n\n<p><strong>Cena: K\u010d 150,- <\/strong>      <\/p>\n\n\n\n<div class=\"wp-block-columns is-layout-flex wp-container-core-columns-is-layout-9d6595d7 wp-block-columns-is-layout-flex\">\n<div class=\"wp-block-column is-layout-flow wp-block-column-is-layout-flow\" style=\"flex-basis:100%\">\n<figure class=\"wp-block-gallery has-nested-images columns-default is-cropped wp-block-gallery-1 is-layout-flex wp-block-gallery-is-layout-flex\">\n<figure class=\"wp-block-image size-large\"><a href=\"https:\/\/aalmael.eu\/wp-content\/uploads\/2022\/06\/Calvin2-ukazka1.jpg\"><img loading=\"lazy\" decoding=\"async\" width=\"1024\" height=\"391\" data-id=\"1513\" src=\"https:\/\/aalmael.eu\/wp-content\/uploads\/2022\/06\/Calvin2-ukazka1-1024x391.jpg\" alt=\"\" class=\"wp-image-1513\" srcset=\"https:\/\/aalmael.eu\/wp-content\/uploads\/2022\/06\/Calvin2-ukazka1-1024x391.jpg 1024w, https:\/\/aalmael.eu\/wp-content\/uploads\/2022\/06\/Calvin2-ukazka1-300x114.jpg 300w, https:\/\/aalmael.eu\/wp-content\/uploads\/2022\/06\/Calvin2-ukazka1-768x293.jpg 768w, https:\/\/aalmael.eu\/wp-content\/uploads\/2022\/06\/Calvin2-ukazka1-1536x586.jpg 1536w, https:\/\/aalmael.eu\/wp-content\/uploads\/2022\/06\/Calvin2-ukazka1.jpg 1688w\" sizes=\"auto, (max-width: 1024px) 100vw, 1024px\" \/><\/a><\/figure>\n\n\n\n<figure class=\"wp-block-image size-large\"><a href=\"https:\/\/aalmael.eu\/wp-content\/uploads\/2022\/06\/Calvin2-ukazka3.jpg\"><img loading=\"lazy\" decoding=\"async\" width=\"1024\" height=\"416\" data-id=\"1515\" src=\"https:\/\/aalmael.eu\/wp-content\/uploads\/2022\/06\/Calvin2-ukazka3-1024x416.jpg\" alt=\"\" class=\"wp-image-1515\" srcset=\"https:\/\/aalmael.eu\/wp-content\/uploads\/2022\/06\/Calvin2-ukazka3-1024x416.jpg 1024w, https:\/\/aalmael.eu\/wp-content\/uploads\/2022\/06\/Calvin2-ukazka3-300x122.jpg 300w, https:\/\/aalmael.eu\/wp-content\/uploads\/2022\/06\/Calvin2-ukazka3-768x312.jpg 768w, https:\/\/aalmael.eu\/wp-content\/uploads\/2022\/06\/Calvin2-ukazka3-1536x624.jpg 1536w, https:\/\/aalmael.eu\/wp-content\/uploads\/2022\/06\/Calvin2-ukazka3.jpg 1704w\" sizes=\"auto, (max-width: 1024px) 100vw, 1024px\" \/><\/a><\/figure>\n<\/figure>\n<\/div>\n<\/div>\n\n\n\n<p><strong><em><span class=\"has-inline-color has-luminous-vivid-amber-color\"><a href=\"http:\/\/anglictina123.cz\/domu\/35-calvins-english-for-children-2-anglictina-pro-deti-2.html\">KOUPIT E-KNIHU ZDE<\/a><\/span><\/em><\/strong><\/p>\n","protected":false},"excerpt":{"rendered":"<p>Cena: K\u010d 150,- KOUPIT E-KNIHU Calvin\u00b4 s English for children 2 &#8211; Angli\u010dtina pro d\u011bti 2 Bilingvn\u00ed anglicko-\u010desk\u00e1 e-kniha pro d\u011bti E-kniha je ur\u010dena pro p\u0159ed\u0161kol\u00e1ky a mal\u00e9 \u0161kol\u00e1ky, za\u010d\u00e1te\u010dn\u00edky v anglick\u00e9m nebo \u010desk\u00e9m jazyce. Obsahuje p\u0159\u00edkladov\u00e9 v\u011bty s \u010desk\u00fdm p\u0159ekladem, praktick\u00e1 cvi\u010den\u00ed a slovn\u00ed\u010dek. E-kniha je rozd\u011blena do osmi tematick\u00fdch celk\u016f: Ka\u017ed\u00e1 \u010d\u00e1st je [&hellip;]<\/p>\n","protected":false},"author":1,"featured_media":0,"parent":0,"menu_order":0,"comment_status":"closed","ping_status":"closed","template":"","meta":{"footnotes":""},"class_list":["post-1510","page","type-page","status-publish","hentry"],"_links":{"self":[{"href":"https:\/\/aalmael.eu\/index.php?rest_route=\/wp\/v2\/pages\/1510","targetHints":{"allow":["GET"]}}],"collection":[{"href":"https:\/\/aalmael.eu\/index.php?rest_route=\/wp\/v2\/pages"}],"about":[{"href":"https:\/\/aalmael.eu\/index.php?rest_route=\/wp\/v2\/types\/page"}],"author":[{"embeddable":true,"href":"https:\/\/aalmael.eu\/index.php?rest_route=\/wp\/v2\/users\/1"}],"replies":[{"embeddable":true,"href":"https:\/\/aalmael.eu\/index.php?rest_route=%2Fwp%2Fv2%2Fcomments&post=1510"}],"version-history":[{"count":18,"href":"https:\/\/aalmael.eu\/index.php?rest_route=\/wp\/v2\/pages\/1510\/revisions"}],"predecessor-version":[{"id":1750,"href":"https:\/\/aalmael.eu\/index.php?rest_route=\/wp\/v2\/pages\/1510\/revisions\/1750"}],"wp:attachment":[{"href":"https:\/\/aalmael.eu\/index.php?rest_route=%2Fwp%2Fv2%2Fmedia&parent=1510"}],"curies":[{"name":"wp","href":"https:\/\/api.w.org\/{rel}","templated":true}]}}