{"id":1478,"date":"2021-08-21T09:10:49","date_gmt":"2021-08-21T09:10:49","guid":{"rendered":"http:\/\/aalmael.eu\/?page_id=1478"},"modified":"2021-08-21T11:53:20","modified_gmt":"2021-08-21T11:53:20","slug":"chci-logo","status":"publish","type":"page","link":"https:\/\/aalmael.eu\/?page_id=1478","title":{"rendered":"Chci LOGO"},"content":{"rendered":"\n<p>Hled\u00e1te pro v\u00e1s nebo va\u0161i firmu vhodn\u00e9 logo? Na\u0161e nakladatelstv\u00ed v\u00e1m vytvo\u0159\u00ed logo na m\u00edru.<a href=\"https:\/\/aalmael.eu\/?page_id=27\"> <span class=\"has-inline-color has-vivid-cyan-blue-color\">Kontaktujte n\u00e1s ZDE<\/span><\/a><\/p>\n\n\n\n<p>Reference<\/p>\n\n\n\n<figure class=\"wp-block-image size-large is-resized\"><a href=\"https:\/\/aalmael.eu\/wp-content\/uploads\/2021\/08\/cnes-logo.jpg\"><img loading=\"lazy\" decoding=\"async\" src=\"https:\/\/aalmael.eu\/wp-content\/uploads\/2021\/08\/cnes-logo-1024x650.jpg\" alt=\"\" class=\"wp-image-1484\" width=\"377\" height=\"240\" srcset=\"https:\/\/aalmael.eu\/wp-content\/uploads\/2021\/08\/cnes-logo-1024x650.jpg 1024w, https:\/\/aalmael.eu\/wp-content\/uploads\/2021\/08\/cnes-logo-300x191.jpg 300w, https:\/\/aalmael.eu\/wp-content\/uploads\/2021\/08\/cnes-logo-768x488.jpg 768w, https:\/\/aalmael.eu\/wp-content\/uploads\/2021\/08\/cnes-logo.jpg 1066w\" sizes=\"auto, (max-width: 377px) 100vw, 377px\" \/><\/a><figcaption><strong>\u00dastav jazyk\u016f a komunikace nesly\u0161\u00edc\u00edch, Filozofick\u00e1 fakulta, Univerzita Karlova, Praha<\/strong><\/figcaption><\/figure>\n\n\n\n<p><\/p>\n\n\n\n<figure class=\"wp-block-image size-large is-resized\"><a href=\"https:\/\/aalmael.eu\/wp-content\/uploads\/2021\/08\/logo-final-scaled.jpg\"><img loading=\"lazy\" decoding=\"async\" src=\"https:\/\/aalmael.eu\/wp-content\/uploads\/2021\/08\/logo-final-724x1024.jpg\" alt=\"\" class=\"wp-image-1492\" width=\"282\" height=\"400\" srcset=\"https:\/\/aalmael.eu\/wp-content\/uploads\/2021\/08\/logo-final-724x1024.jpg 724w, https:\/\/aalmael.eu\/wp-content\/uploads\/2021\/08\/logo-final-212x300.jpg 212w, https:\/\/aalmael.eu\/wp-content\/uploads\/2021\/08\/logo-final-768x1086.jpg 768w, https:\/\/aalmael.eu\/wp-content\/uploads\/2021\/08\/logo-final-1086x1536.jpg 1086w, https:\/\/aalmael.eu\/wp-content\/uploads\/2021\/08\/logo-final-1448x2048.jpg 1448w, https:\/\/aalmael.eu\/wp-content\/uploads\/2021\/08\/logo-final-scaled.jpg 1810w\" sizes=\"auto, (max-width: 282px) 100vw, 282px\" \/><\/a><figcaption><strong>Z\u0160 a M\u0160, Tachov, Petra Jilemnick\u00e9ho 1995<\/strong><\/figcaption><\/figure>\n\n\n\n<p><\/p>\n\n\n\n<figure class=\"wp-block-image size-large is-resized\"><a href=\"https:\/\/aalmael.eu\/wp-content\/uploads\/2016\/08\/LogoWeb.jpg\"><img loading=\"lazy\" decoding=\"async\" src=\"https:\/\/aalmael.eu\/wp-content\/uploads\/2016\/08\/LogoWeb-1024x845.jpg\" alt=\"\" class=\"wp-image-188\" width=\"379\" height=\"312\" srcset=\"https:\/\/aalmael.eu\/wp-content\/uploads\/2016\/08\/LogoWeb-1024x845.jpg 1024w, https:\/\/aalmael.eu\/wp-content\/uploads\/2016\/08\/LogoWeb-300x247.jpg 300w, https:\/\/aalmael.eu\/wp-content\/uploads\/2016\/08\/LogoWeb-768x633.jpg 768w, https:\/\/aalmael.eu\/wp-content\/uploads\/2016\/08\/LogoWeb.jpg 1250w\" sizes=\"auto, (max-width: 379px) 100vw, 379px\" \/><\/a><figcaption><strong>Nakladatelstv\u00ed Aalma L.<\/strong><\/figcaption><\/figure>\n","protected":false},"excerpt":{"rendered":"<p>Hled\u00e1te pro v\u00e1s nebo va\u0161i firmu vhodn\u00e9 logo? Na\u0161e nakladatelstv\u00ed v\u00e1m vytvo\u0159\u00ed logo na m\u00edru. Kontaktujte n\u00e1s ZDE Reference<\/p>\n","protected":false},"author":1,"featured_media":0,"parent":0,"menu_order":0,"comment_status":"closed","ping_status":"closed","template":"","meta":{"footnotes":""},"class_list":["post-1478","page","type-page","status-publish","hentry"],"_links":{"self":[{"href":"https:\/\/aalmael.eu\/index.php?rest_route=\/wp\/v2\/pages\/1478","targetHints":{"allow":["GET"]}}],"collection":[{"href":"https:\/\/aalmael.eu\/index.php?rest_route=\/wp\/v2\/pages"}],"about":[{"href":"https:\/\/aalmael.eu\/index.php?rest_route=\/wp\/v2\/types\/page"}],"author":[{"embeddable":true,"href":"https:\/\/aalmael.eu\/index.php?rest_route=\/wp\/v2\/users\/1"}],"replies":[{"embeddable":true,"href":"https:\/\/aalmael.eu\/index.php?rest_route=%2Fwp%2Fv2%2Fcomments&post=1478"}],"version-history":[{"count":16,"href":"https:\/\/aalmael.eu\/index.php?rest_route=\/wp\/v2\/pages\/1478\/revisions"}],"predecessor-version":[{"id":1508,"href":"https:\/\/aalmael.eu\/index.php?rest_route=\/wp\/v2\/pages\/1478\/revisions\/1508"}],"wp:attachment":[{"href":"https:\/\/aalmael.eu\/index.php?rest_route=%2Fwp%2Fv2%2Fmedia&parent=1478"}],"curies":[{"name":"wp","href":"https:\/\/api.w.org\/{rel}","templated":true}]}}