{"id":1441,"date":"2021-08-21T08:40:12","date_gmt":"2021-08-21T08:40:12","guid":{"rendered":"http:\/\/aalmael.eu\/?page_id=1441"},"modified":"2025-04-15T10:38:20","modified_gmt":"2025-04-15T10:38:20","slug":"ceske-basnicky","status":"publish","type":"page","link":"https:\/\/aalmael.eu\/?page_id=1441","title":{"rendered":"\u010cesk\u00e9 b\u00e1sni\u010dky"},"content":{"rendered":"\n<p><strong>Calvinovy b\u00e1sni\u010dky do kapsy<\/strong><\/p>\n\n\n<div class=\"wp-block-image is-resized\">\n<figure class=\"alignleft size-large\"><a href=\"https:\/\/aalmael.eu\/wp-content\/uploads\/2025\/04\/uvod.jpg\"><img loading=\"lazy\" decoding=\"async\" width=\"749\" height=\"1024\" src=\"https:\/\/aalmael.eu\/wp-content\/uploads\/2025\/04\/uvod-749x1024.jpg\" alt=\"\" class=\"wp-image-1757\" style=\"width:298px;height:auto\" srcset=\"https:\/\/aalmael.eu\/wp-content\/uploads\/2025\/04\/uvod-749x1024.jpg 749w, https:\/\/aalmael.eu\/wp-content\/uploads\/2025\/04\/uvod-219x300.jpg 219w, https:\/\/aalmael.eu\/wp-content\/uploads\/2025\/04\/uvod-768x1050.jpg 768w, https:\/\/aalmael.eu\/wp-content\/uploads\/2025\/04\/uvod-1124x1536.jpg 1124w, https:\/\/aalmael.eu\/wp-content\/uploads\/2025\/04\/uvod-1498x2048.jpg 1498w, https:\/\/aalmael.eu\/wp-content\/uploads\/2025\/04\/uvod.jpg 1776w\" sizes=\"auto, (max-width: 749px) 100vw, 749px\" \/><\/a><\/figure>\n<\/div>\n\n<div class=\"wp-block-image is-resized\">\n<figure class=\"alignleft size-large\"><a href=\"https:\/\/aalmael.eu\/wp-content\/uploads\/2025\/04\/antilopa.jpg\"><img loading=\"lazy\" decoding=\"async\" width=\"734\" height=\"1024\" src=\"https:\/\/aalmael.eu\/wp-content\/uploads\/2025\/04\/antilopa-734x1024.jpg\" alt=\"\" class=\"wp-image-1756\" style=\"width:287px;height:auto\" srcset=\"https:\/\/aalmael.eu\/wp-content\/uploads\/2025\/04\/antilopa-734x1024.jpg 734w, https:\/\/aalmael.eu\/wp-content\/uploads\/2025\/04\/antilopa-215x300.jpg 215w, https:\/\/aalmael.eu\/wp-content\/uploads\/2025\/04\/antilopa-768x1071.jpg 768w, https:\/\/aalmael.eu\/wp-content\/uploads\/2025\/04\/antilopa-1102x1536.jpg 1102w, https:\/\/aalmael.eu\/wp-content\/uploads\/2025\/04\/antilopa-1469x2048.jpg 1469w, https:\/\/aalmael.eu\/wp-content\/uploads\/2025\/04\/antilopa.jpg 1816w\" sizes=\"auto, (max-width: 734px) 100vw, 734px\" \/><\/a><\/figure>\n<\/div>\n\n\n<p><strong>Cena: K\u010d 89,-<\/strong><\/p>\n\n\n\n<p><em><mark style=\"background-color:rgba(0, 0, 0, 0)\" class=\"has-inline-color has-light-green-cyan-color\"><strong><a href=\"https:\/\/anglictina123.cz\/cs\/domu\/34-calvinovy-basnicky-do-kapsy.html\">KOUPIT B\u00c1SNI\u010cKY<\/a><\/strong><\/mark><\/em><\/p>\n\n\n\n<p><\/p>\n\n\n\n<p><\/p>\n\n\n\n<p><\/p>\n\n\n\n<p><\/p>\n\n\n\n<p><\/p>\n\n\n\n<p><\/p>\n\n\n\n<p>POPIS:<\/p>\n\n\n\n<p class=\"has-text-align-left\">\u010cesk\u00e9 d\u011btsk\u00e9 b\u00e1sni\u010dky do ka\u017ed\u00e9 kapsi\u010dky.<\/p>\n\n\n\n<p class=\"has-text-align-left\">Poj\u010fte s n\u00e1mi objevit sv\u011bt zv\u00ed\u0159\u00e1tek od A do \u017d. \u010cek\u00e1 na v\u00e1s antilopa Alena, blecha Bo\u017eena a dal\u0161\u00ed zv\u00ed\u0159ec\u00ed kamar\u00e1di. V\u00edte jak vypadaj\u00ed a co um\u00ed?&nbsp; Kocour Calvin v\u00e1m je r\u00e1d p\u0159edstav\u00ed.<\/p>\n\n\n\n<p>Form\u00e1t: A6, \u0161it\u00e9 skobkami<\/p>\n\n\n\n<p>Po\u010det stran: 44<\/p>\n\n\n\n<figure class=\"wp-block-image size-large is-resized\"><a href=\"https:\/\/aalmael.eu\/wp-content\/uploads\/2025\/04\/reklama.jpg\"><img loading=\"lazy\" decoding=\"async\" width=\"756\" height=\"1024\" src=\"https:\/\/aalmael.eu\/wp-content\/uploads\/2025\/04\/reklama-756x1024.jpg\" alt=\"\" class=\"wp-image-1758\" style=\"width:283px;height:auto\" srcset=\"https:\/\/aalmael.eu\/wp-content\/uploads\/2025\/04\/reklama-756x1024.jpg 756w, https:\/\/aalmael.eu\/wp-content\/uploads\/2025\/04\/reklama-221x300.jpg 221w, https:\/\/aalmael.eu\/wp-content\/uploads\/2025\/04\/reklama-768x1041.jpg 768w, https:\/\/aalmael.eu\/wp-content\/uploads\/2025\/04\/reklama-1133x1536.jpg 1133w, https:\/\/aalmael.eu\/wp-content\/uploads\/2025\/04\/reklama-1511x2048.jpg 1511w, https:\/\/aalmael.eu\/wp-content\/uploads\/2025\/04\/reklama.jpg 1683w\" sizes=\"auto, (max-width: 756px) 100vw, 756px\" \/><\/a><\/figure>\n\n\n\n<p><\/p>\n\n\n\n<p><\/p>\n\n\n\n<p><\/p>\n\n\n\n<p><\/p>\n\n\n\n<p><\/p>\n\n\n\n<p><\/p>\n\n\n\n<p><\/p>\n\n\n\n<p><\/p>\n\n\n\n<p class=\"has-text-align-left\">Kn\u00ed\u017ee\u010dku obdr\u017e\u00edte ZDARMA p\u0159i objedn\u00e1n\u00ed vybran\u00fdch produkt\u016f z e-shopu. <strong><span class=\"has-inline-color has-vivid-cyan-blue-color\"><a href=\"https:\/\/anglictina123.cz\/cs\/domu\/10-kniha-anglictiny-vcetne-audio-cd-9788090682405.html\">ZDARMA ZDE<\/a><\/span><\/strong><\/p>\n\n\n\n<p>2. vyd\u00e1n\u00ed publikace vzniklo k p\u0159\u00edle\u017eitosti 75. v\u00fdro\u010d\u00ed zalo\u017een\u00ed \u0161koly Z\u0160 a M\u0160, Tachov, Petra Jilemnick\u00e9ho 1995 a 15. v\u00fdro\u010d\u00ed slou\u010den\u00ed s M\u0160. Kr\u00e1sn\u00e9 obr\u00e1zky ilustrovali \u017e\u00e1ci \u0161koly.<\/p>\n\n\n\n<ol class=\"wp-block-list\">\n<li>vyd\u00e1n\u00ed publikace bylo vyd\u00e1no za finan\u010dn\u00ed podpory Plze\u0148sk\u00e9ho kraje. 2. vyd\u00e1n\u00ed bylo vyd\u00e1no v r\u00e1mci projektu Aalma L. &#8211; podpora vzd\u011bl\u00e1v\u00e1n\u00ed.<\/li>\n<\/ol>\n\n\n\n<figure class=\"wp-block-image size-large is-resized\"><a href=\"https:\/\/aalmael.eu\/wp-content\/uploads\/2021\/08\/logo-kraj.jpg\"><img loading=\"lazy\" decoding=\"async\" width=\"578\" height=\"152\" src=\"https:\/\/aalmael.eu\/wp-content\/uploads\/2021\/08\/logo-kraj.jpg\" alt=\"\" class=\"wp-image-1450\" style=\"width:287px;height:75px\" srcset=\"https:\/\/aalmael.eu\/wp-content\/uploads\/2021\/08\/logo-kraj.jpg 578w, https:\/\/aalmael.eu\/wp-content\/uploads\/2021\/08\/logo-kraj-300x79.jpg 300w\" sizes=\"auto, (max-width: 578px) 100vw, 578px\" \/><\/a><\/figure>\n\n\n\n<p><\/p>\n","protected":false},"excerpt":{"rendered":"<p>Calvinovy b\u00e1sni\u010dky do kapsy Cena: K\u010d 89,- KOUPIT B\u00c1SNI\u010cKY POPIS: \u010cesk\u00e9 d\u011btsk\u00e9 b\u00e1sni\u010dky do ka\u017ed\u00e9 kapsi\u010dky. Poj\u010fte s n\u00e1mi objevit sv\u011bt zv\u00ed\u0159\u00e1tek od A do \u017d. \u010cek\u00e1 na v\u00e1s antilopa Alena, blecha Bo\u017eena a dal\u0161\u00ed zv\u00ed\u0159ec\u00ed kamar\u00e1di. V\u00edte jak vypadaj\u00ed a co um\u00ed?&nbsp; Kocour Calvin v\u00e1m je r\u00e1d p\u0159edstav\u00ed. Form\u00e1t: A6, \u0161it\u00e9 skobkami Po\u010det stran: [&hellip;]<\/p>\n","protected":false},"author":1,"featured_media":0,"parent":0,"menu_order":0,"comment_status":"closed","ping_status":"closed","template":"","meta":{"footnotes":""},"class_list":["post-1441","page","type-page","status-publish","hentry"],"_links":{"self":[{"href":"https:\/\/aalmael.eu\/index.php?rest_route=\/wp\/v2\/pages\/1441","targetHints":{"allow":["GET"]}}],"collection":[{"href":"https:\/\/aalmael.eu\/index.php?rest_route=\/wp\/v2\/pages"}],"about":[{"href":"https:\/\/aalmael.eu\/index.php?rest_route=\/wp\/v2\/types\/page"}],"author":[{"embeddable":true,"href":"https:\/\/aalmael.eu\/index.php?rest_route=\/wp\/v2\/users\/1"}],"replies":[{"embeddable":true,"href":"https:\/\/aalmael.eu\/index.php?rest_route=%2Fwp%2Fv2%2Fcomments&post=1441"}],"version-history":[{"count":27,"href":"https:\/\/aalmael.eu\/index.php?rest_route=\/wp\/v2\/pages\/1441\/revisions"}],"predecessor-version":[{"id":1771,"href":"https:\/\/aalmael.eu\/index.php?rest_route=\/wp\/v2\/pages\/1441\/revisions\/1771"}],"wp:attachment":[{"href":"https:\/\/aalmael.eu\/index.php?rest_route=%2Fwp%2Fv2%2Fmedia&parent=1441"}],"curies":[{"name":"wp","href":"https:\/\/api.w.org\/{rel}","templated":true}]}}