{"id":1425,"date":"2021-03-18T18:48:14","date_gmt":"2021-03-18T18:48:14","guid":{"rendered":"http:\/\/aalmael.eu\/?page_id=1425"},"modified":"2021-03-18T18:58:02","modified_gmt":"2021-03-18T18:58:02","slug":"zooterapie","status":"publish","type":"page","link":"https:\/\/aalmael.eu\/?page_id=1425","title":{"rendered":"Zooterapie"},"content":{"rendered":"\n<p><span style=\"color:#07e9e5\" class=\"has-inline-color\"><strong>ZOOTERAPIE \u2013 FELINOTERAPIE s kocourem Calvinem<\/strong><\/span><\/p>\n\n\n\n<p>Zooterapie je druhem podp\u016frn\u00e9 l\u00e9\u010debn\u00e9 metody, kter\u00e1 vyu\u017e\u00edv\u00e1 p\u016fsoben\u00ed zv\u00ed\u0159at. Jedn\u00edm z mnoha druh\u016f zooterapi\u00ed je felinoterapie, tedy rehabilitace za p\u0159\u00edtomnosti ko\u010dky.<\/p>\n\n\n\n<p><em><a href=\"http:\/\/www.skolatachov.cz\/2020\/10\/zooterapie-felinoterapie-s-kocourem-calvinem\/\"><span class=\"has-inline-color has-vivid-cyan-blue-color\">Fotogalerie zde<\/span><\/a><\/em><\/p>\n\n\n\n<figure class=\"wp-block-image size-large\"><a href=\"https:\/\/aalmael.eu\/wp-content\/uploads\/2021\/03\/20zss-felino15.jpg\"><img loading=\"lazy\" decoding=\"async\" width=\"862\" height=\"549\" src=\"https:\/\/aalmael.eu\/wp-content\/uploads\/2021\/03\/20zss-felino15.jpg\" alt=\"\" class=\"wp-image-1435\" srcset=\"https:\/\/aalmael.eu\/wp-content\/uploads\/2021\/03\/20zss-felino15.jpg 862w, https:\/\/aalmael.eu\/wp-content\/uploads\/2021\/03\/20zss-felino15-300x191.jpg 300w, https:\/\/aalmael.eu\/wp-content\/uploads\/2021\/03\/20zss-felino15-768x489.jpg 768w\" sizes=\"auto, (max-width: 862px) 100vw, 862px\" \/><\/a><\/figure>\n\n\n\n<p><\/p>\n","protected":false},"excerpt":{"rendered":"<p>ZOOTERAPIE \u2013 FELINOTERAPIE s kocourem Calvinem Zooterapie je druhem podp\u016frn\u00e9 l\u00e9\u010debn\u00e9 metody, kter\u00e1 vyu\u017e\u00edv\u00e1 p\u016fsoben\u00ed zv\u00ed\u0159at. Jedn\u00edm z mnoha druh\u016f zooterapi\u00ed je felinoterapie, tedy rehabilitace za p\u0159\u00edtomnosti ko\u010dky. Fotogalerie zde<\/p>\n","protected":false},"author":1,"featured_media":0,"parent":0,"menu_order":0,"comment_status":"closed","ping_status":"closed","template":"","meta":{"footnotes":""},"class_list":["post-1425","page","type-page","status-publish","hentry"],"_links":{"self":[{"href":"https:\/\/aalmael.eu\/index.php?rest_route=\/wp\/v2\/pages\/1425","targetHints":{"allow":["GET"]}}],"collection":[{"href":"https:\/\/aalmael.eu\/index.php?rest_route=\/wp\/v2\/pages"}],"about":[{"href":"https:\/\/aalmael.eu\/index.php?rest_route=\/wp\/v2\/types\/page"}],"author":[{"embeddable":true,"href":"https:\/\/aalmael.eu\/index.php?rest_route=\/wp\/v2\/users\/1"}],"replies":[{"embeddable":true,"href":"https:\/\/aalmael.eu\/index.php?rest_route=%2Fwp%2Fv2%2Fcomments&post=1425"}],"version-history":[{"count":6,"href":"https:\/\/aalmael.eu\/index.php?rest_route=\/wp\/v2\/pages\/1425\/revisions"}],"predecessor-version":[{"id":1436,"href":"https:\/\/aalmael.eu\/index.php?rest_route=\/wp\/v2\/pages\/1425\/revisions\/1436"}],"wp:attachment":[{"href":"https:\/\/aalmael.eu\/index.php?rest_route=%2Fwp%2Fv2%2Fmedia&parent=1425"}],"curies":[{"name":"wp","href":"https:\/\/api.w.org\/{rel}","templated":true}]}}