{"id":1218,"date":"2018-12-04T19:46:29","date_gmt":"2018-12-04T19:46:29","guid":{"rendered":"http:\/\/aalmael.eu\/?page_id=1218"},"modified":"2021-03-18T18:03:04","modified_gmt":"2021-03-18T18:03:04","slug":"fotogalerie-pomahame","status":"publish","type":"page","link":"https:\/\/aalmael.eu\/?page_id=1218","title":{"rendered":"Fotogalerie"},"content":{"rendered":"<p><a href=\"https:\/\/aalmael.eu\/wp-content\/uploads\/2018\/12\/Klok\u00e1nek2.jpg\"><img loading=\"lazy\" decoding=\"async\" class=\"alignnone size-medium wp-image-1223\" src=\"https:\/\/aalmael.eu\/wp-content\/uploads\/2018\/12\/Klok\u00e1nek2-225x300.jpg\" alt=\"\" width=\"225\" height=\"300\" srcset=\"https:\/\/aalmael.eu\/wp-content\/uploads\/2018\/12\/Klok\u00e1nek2-225x300.jpg 225w, https:\/\/aalmael.eu\/wp-content\/uploads\/2018\/12\/Klok\u00e1nek2.jpg 720w\" sizes=\"auto, (max-width: 225px) 100vw, 225px\" \/><\/a><a href=\"https:\/\/aalmael.eu\/wp-content\/uploads\/2018\/12\/47383979_1592226784246282_2192089808241688576_n.jpg\"><img loading=\"lazy\" decoding=\"async\" class=\"alignnone size-medium wp-image-1197\" src=\"https:\/\/aalmael.eu\/wp-content\/uploads\/2018\/12\/47383979_1592226784246282_2192089808241688576_n-225x300.jpg\" alt=\"\" width=\"225\" height=\"300\" srcset=\"https:\/\/aalmael.eu\/wp-content\/uploads\/2018\/12\/47383979_1592226784246282_2192089808241688576_n-225x300.jpg 225w, https:\/\/aalmael.eu\/wp-content\/uploads\/2018\/12\/47383979_1592226784246282_2192089808241688576_n.jpg 720w\" sizes=\"auto, (max-width: 225px) 100vw, 225px\" \/><\/a><a href=\"https:\/\/aalmael.eu\/wp-content\/uploads\/2018\/12\/Klok\u00e1nek.jpg\"><img loading=\"lazy\" decoding=\"async\" class=\"alignnone size-medium wp-image-1221\" src=\"https:\/\/aalmael.eu\/wp-content\/uploads\/2018\/12\/Klok\u00e1nek-225x300.jpg\" alt=\"\" width=\"225\" height=\"300\" srcset=\"https:\/\/aalmael.eu\/wp-content\/uploads\/2018\/12\/Klok\u00e1nek-225x300.jpg 225w, https:\/\/aalmael.eu\/wp-content\/uploads\/2018\/12\/Klok\u00e1nek.jpg 720w\" sizes=\"auto, (max-width: 225px) 100vw, 225px\" \/><\/a><em><strong><a href=\"https:\/\/aalmael.eu\/wp-content\/uploads\/2021\/03\/foto1.jpg\"><img loading=\"lazy\" decoding=\"async\" class=\"alignnone size-medium wp-image-1339\" src=\"https:\/\/aalmael.eu\/wp-content\/uploads\/2021\/03\/foto1-300x300.jpg\" alt=\"\" width=\"300\" height=\"300\" srcset=\"https:\/\/aalmael.eu\/wp-content\/uploads\/2021\/03\/foto1-300x300.jpg 300w, https:\/\/aalmael.eu\/wp-content\/uploads\/2021\/03\/foto1-1024x1024.jpg 1024w, https:\/\/aalmael.eu\/wp-content\/uploads\/2021\/03\/foto1-150x150.jpg 150w, https:\/\/aalmael.eu\/wp-content\/uploads\/2021\/03\/foto1-768x768.jpg 768w, https:\/\/aalmael.eu\/wp-content\/uploads\/2021\/03\/foto1-1536x1536.jpg 1536w, https:\/\/aalmael.eu\/wp-content\/uploads\/2021\/03\/foto1-180x180.jpg 180w, https:\/\/aalmael.eu\/wp-content\/uploads\/2021\/03\/foto1-600x600.jpg 600w, https:\/\/aalmael.eu\/wp-content\/uploads\/2021\/03\/foto1-520x520.jpg 520w, https:\/\/aalmael.eu\/wp-content\/uploads\/2021\/03\/foto1-70x70.jpg 70w, https:\/\/aalmael.eu\/wp-content\/uploads\/2021\/03\/foto1.jpg 1885w\" sizes=\"auto, (max-width: 300px) 100vw, 300px\" \/><\/a><a href=\"https:\/\/aalmael.eu\/wp-content\/uploads\/2021\/03\/161812507_216907739984467_3461230287208190307_o.jpg\"><img loading=\"lazy\" decoding=\"async\" class=\"alignnone size-medium wp-image-1334\" src=\"https:\/\/aalmael.eu\/wp-content\/uploads\/2021\/03\/161812507_216907739984467_3461230287208190307_o-203x300.jpg\" alt=\"\" width=\"203\" height=\"300\" srcset=\"https:\/\/aalmael.eu\/wp-content\/uploads\/2021\/03\/161812507_216907739984467_3461230287208190307_o-203x300.jpg 203w, https:\/\/aalmael.eu\/wp-content\/uploads\/2021\/03\/161812507_216907739984467_3461230287208190307_o-694x1024.jpg 694w, https:\/\/aalmael.eu\/wp-content\/uploads\/2021\/03\/161812507_216907739984467_3461230287208190307_o-768x1133.jpg 768w, https:\/\/aalmael.eu\/wp-content\/uploads\/2021\/03\/161812507_216907739984467_3461230287208190307_o-1041x1536.jpg 1041w, https:\/\/aalmael.eu\/wp-content\/uploads\/2021\/03\/161812507_216907739984467_3461230287208190307_o.jpg 1084w\" sizes=\"auto, (max-width: 203px) 100vw, 203px\" \/><\/a><a href=\"https:\/\/aalmael.eu\/wp-content\/uploads\/2021\/03\/foto3.jpg\"><img loading=\"lazy\" decoding=\"async\" class=\"alignnone size-medium wp-image-1397\" src=\"https:\/\/aalmael.eu\/wp-content\/uploads\/2021\/03\/foto3-300x300.jpg\" alt=\"\" width=\"300\" height=\"300\" srcset=\"https:\/\/aalmael.eu\/wp-content\/uploads\/2021\/03\/foto3-300x300.jpg 300w, https:\/\/aalmael.eu\/wp-content\/uploads\/2021\/03\/foto3-1024x1024.jpg 1024w, https:\/\/aalmael.eu\/wp-content\/uploads\/2021\/03\/foto3-150x150.jpg 150w, https:\/\/aalmael.eu\/wp-content\/uploads\/2021\/03\/foto3-768x768.jpg 768w, https:\/\/aalmael.eu\/wp-content\/uploads\/2021\/03\/foto3-1536x1536.jpg 1536w, https:\/\/aalmael.eu\/wp-content\/uploads\/2021\/03\/foto3-180x180.jpg 180w, https:\/\/aalmael.eu\/wp-content\/uploads\/2021\/03\/foto3-600x600.jpg 600w, https:\/\/aalmael.eu\/wp-content\/uploads\/2021\/03\/foto3-520x520.jpg 520w, https:\/\/aalmael.eu\/wp-content\/uploads\/2021\/03\/foto3-70x70.jpg 70w, https:\/\/aalmael.eu\/wp-content\/uploads\/2021\/03\/foto3.jpg 1885w\" sizes=\"auto, (max-width: 300px) 100vw, 300px\" \/><\/a><a href=\"https:\/\/aalmael.eu\/wp-content\/uploads\/2021\/02\/Zivot-detem1.jpg\"><img loading=\"lazy\" decoding=\"async\" class=\"alignnone size-medium wp-image-1318\" src=\"https:\/\/aalmael.eu\/wp-content\/uploads\/2021\/02\/Zivot-detem1-212x300.jpg\" alt=\"\" width=\"212\" height=\"300\" srcset=\"https:\/\/aalmael.eu\/wp-content\/uploads\/2021\/02\/Zivot-detem1-212x300.jpg 212w, https:\/\/aalmael.eu\/wp-content\/uploads\/2021\/02\/Zivot-detem1.jpg 591w\" sizes=\"auto, (max-width: 212px) 100vw, 212px\" \/><\/a><a href=\"https:\/\/aalmael.eu\/?page_id=1189\"><span style=\"color: #00ccff;\">Zp\u011bt<\/span><\/a><\/strong><\/em><\/p>\n<p><em>Z d\u016fvodu GDPR jsou u fotografi\u00ed zakryt\u00e9 obli\u010deje. D\u011bkujeme za pochopen\u00ed. Origin\u00e1l fotografie m\u016f\u017eete shl\u00e9dnout na Facebookov\u00fdch str\u00e1nk\u00e1ch organizac\u00ed.<\/em><\/p>\n","protected":false},"excerpt":{"rendered":"<p>Zp\u011bt Z d\u016fvodu GDPR jsou u fotografi\u00ed zakryt\u00e9 obli\u010deje. D\u011bkujeme za pochopen\u00ed. Origin\u00e1l fotografie m\u016f\u017eete shl\u00e9dnout na Facebookov\u00fdch str\u00e1nk\u00e1ch organizac\u00ed.<\/p>\n","protected":false},"author":1,"featured_media":0,"parent":0,"menu_order":0,"comment_status":"closed","ping_status":"closed","template":"","meta":{"footnotes":""},"class_list":["post-1218","page","type-page","status-publish","hentry"],"_links":{"self":[{"href":"https:\/\/aalmael.eu\/index.php?rest_route=\/wp\/v2\/pages\/1218","targetHints":{"allow":["GET"]}}],"collection":[{"href":"https:\/\/aalmael.eu\/index.php?rest_route=\/wp\/v2\/pages"}],"about":[{"href":"https:\/\/aalmael.eu\/index.php?rest_route=\/wp\/v2\/types\/page"}],"author":[{"embeddable":true,"href":"https:\/\/aalmael.eu\/index.php?rest_route=\/wp\/v2\/users\/1"}],"replies":[{"embeddable":true,"href":"https:\/\/aalmael.eu\/index.php?rest_route=%2Fwp%2Fv2%2Fcomments&post=1218"}],"version-history":[{"count":10,"href":"https:\/\/aalmael.eu\/index.php?rest_route=\/wp\/v2\/pages\/1218\/revisions"}],"predecessor-version":[{"id":1401,"href":"https:\/\/aalmael.eu\/index.php?rest_route=\/wp\/v2\/pages\/1218\/revisions\/1401"}],"wp:attachment":[{"href":"https:\/\/aalmael.eu\/index.php?rest_route=%2Fwp%2Fv2%2Fmedia&parent=1218"}],"curies":[{"name":"wp","href":"https:\/\/api.w.org\/{rel}","templated":true}]}}