{"id":1189,"date":"2018-12-01T11:45:50","date_gmt":"2018-12-01T11:45:50","guid":{"rendered":"http:\/\/aalmael.eu\/?page_id=1189"},"modified":"2025-09-14T19:11:30","modified_gmt":"2025-09-14T19:11:30","slug":"pomahame","status":"publish","type":"page","link":"https:\/\/aalmael.eu\/?page_id=1189","title":{"rendered":"Pom\u00e1h\u00e1me"},"content":{"rendered":"\n<h2 class=\"wp-block-heading\"><span style=\"color: #00ffff;\"><strong>Kniha, kter\u00e1 pom\u00e1h\u00e1<\/strong><\/span><\/h2>\n\n\n\n<p><strong>Koup\u00ed knihy, pracovn\u00edho se\u0161itu nebo darovac\u00edho certifik\u00e1tu jste p\u0159isp\u011bli<\/strong><strong> na n\u00e1kup publikac\u00ed nejenom pro d\u011bti v \u010cesk\u00e9 republice, ale tak\u00e9 jste podpo\u0159ili organizace pe\u010duj\u00edc\u00ed o zv\u00ed\u0159ata.&nbsp; <\/strong>My i obdarovan\u00ed D\u011aKUJEME!<\/p>\n\n\n\n<p><strong><span style=\"color: #008000;\">Spole\u010dn\u011b s v\u00e1mi jsme podpo\u0159ili:<\/span><\/strong><\/p>\n\n\n\n<ul class=\"wp-block-list\">\n<li><strong>Fond ohro\u017een\u00fdch d\u011bt\u00ed, KLOK\u00c1NEK Teplice.<\/strong><a href=\"https:\/\/www.facebook.com\/KlokanekTeplice\/photos\/pcb.1592226827579611\/1592226750912952\/?type=3&amp;theater\">&nbsp;<span style=\"color: #0000ff;\"> &nbsp; Foto: https:\/\/www.facebook.com\/KlokanekTeplice\/photos\/pcb.1592226827579611\/1592226750912952\/?type=3&amp;theater<\/span><\/a>&nbsp; &nbsp; &nbsp; <span style=\"color: #0000ff;\"><a href=\"https:\/\/aalmael.eu\/?page_id=1218\"><em>Fotogalerie zde<\/em><\/a><\/span><\/li>\n\n\n\n<li><strong>Fond ohro\u017een\u00fdch d\u011bt\u00ed, Na Po\u0159\u00ed\u010d\u00ed 1038\/6, 110 00&nbsp; Praha 1<\/strong><\/li>\n\n\n\n<li><strong>Ko\u010dky SOS, z.s., Hodon\u00edn<\/strong><\/li>\n\n\n\n<li><strong>Lesn\u00ed mate\u0159sk\u00e1 \u0161kolka Berounka, Druztov\u00e1<\/strong><\/li>\n\n\n\n<li><strong>Z\u00e1kladn\u00ed \u0161kola a Mate\u0159sk\u00e1 \u0161kola, Tachov<\/strong>, Petra Jilemnick\u00e9ho, organizace samostatn\u011b z\u0159\u00edzena pro d\u011bti a \u017e\u00e1ky se speci\u00e1ln\u00edmi vzd\u011bl\u00e1vac\u00edmi pot\u0159ebami&nbsp;<span style=\"color: #0000ff;\"><a style=\"color: #0000ff;\" href=\"http:\/\/www.skolatachov.cz\/2020\/10\/zooterapie-felinoterapie-s-kocourem-calvinem\/\">http:\/\/www.skolatachov.cz\/2020\/10\/zooterapie-felinoterapie-s-kocourem-calvinem\/<\/a><\/span><\/li>\n\n\n\n<li><strong>Projekt Nemocni\u010dn\u00ed knihovni\u010dky<\/strong><span style=\"color: #0000ff;\"><a style=\"color: #0000ff;\" href=\"https:\/\/www.facebook.com\/aalmael\/posts\/2775293802573809?comment_id=2775514025885120&amp;notif_id=1601576652112790&amp;notif_t=feed_comment&amp;ref=notif\">&nbsp;https:\/\/www.facebook.com\/aalmael\/posts\/2775293802573809?comment_id=2775514025885120&amp;notif_id=1601576652112790&amp;notif_t=feed_comment&amp;ref=notif<\/a><\/span><\/li>\n\n\n\n<li><strong>\u017divot d\u011btem o.p.s., Praha&nbsp; <span style=\"color: #0000ff;\"><a href=\"https:\/\/aalmael.eu\/?page_id=1218\"><em>Fotogalerie zde<\/em><\/a><\/span><\/strong><\/li>\n\n\n\n<li><strong>D\u011btsk\u00fd domov SRDCE Karvin\u00e1<\/strong><\/li>\n\n\n\n<li><strong>Zoo Plasy<\/strong><\/li>\n\n\n\n<li><strong>D\u011btsk\u00fd domov Tachov<\/strong>&nbsp;<span style=\"color: #0000ff;\"><a style=\"color: #0000ff;\" href=\"https:\/\/www.facebook.com\/Decak2021\/photos\/pcb.216907939984447\/216907736651134\">https:\/\/www.facebook.com\/Decak2021\/photos\/pcb.216907939984447\/216907736651134<\/a><\/span><\/li>\n\n\n\n<li><strong>Z\u0160, M\u0160 a ZU\u0160 Bezdru\u017eice<\/strong><\/li>\n\n\n\n<li><strong>M\u0160 Lom u Tachova<\/strong><\/li>\n\n\n\n<li><strong>Pomocn\u00e1 ruka pro \u0161kol\u00e1ka<\/strong> <a href=\"https:\/\/www.facebook.com\/groups\/433976452728492\"><mark style=\"background-color:rgba(0, 0, 0, 0)\" class=\"has-inline-color has-vivid-cyan-blue-color\">https:\/\/www.facebook.com\/groups\/433976452728492<\/mark><\/a><\/li>\n<\/ul>\n\n\n\n<p><em><span style=\"color: #0000ff;\">D\u00e1re\u010dky<\/span> ji\u017e putuj\u00ed na m\u00edsto ur\u010den\u00ed&#8230;<\/em><\/p>\n\n\n\n<figure class=\"wp-block-image\"><a href=\"https:\/\/aalmael.eu\/wp-content\/uploads\/2018\/12\/Klok\u00e1nek.jpg\"><img loading=\"lazy\" decoding=\"async\" width=\"225\" height=\"300\" src=\"https:\/\/aalmael.eu\/wp-content\/uploads\/2018\/12\/Klok\u00e1nek-225x300.jpg\" alt=\"\" class=\"wp-image-1221\" srcset=\"https:\/\/aalmael.eu\/wp-content\/uploads\/2018\/12\/Klok\u00e1nek-225x300.jpg 225w, https:\/\/aalmael.eu\/wp-content\/uploads\/2018\/12\/Klok\u00e1nek.jpg 720w\" sizes=\"auto, (max-width: 225px) 100vw, 225px\" \/><\/a><\/figure>\n\n\n\n<figure class=\"wp-block-image\"><a href=\"https:\/\/aalmael.eu\/wp-content\/uploads\/2018\/12\/47383979_1592226784246282_2192089808241688576_n.jpg\"><img loading=\"lazy\" decoding=\"async\" width=\"225\" height=\"300\" src=\"https:\/\/aalmael.eu\/wp-content\/uploads\/2018\/12\/47383979_1592226784246282_2192089808241688576_n-225x300.jpg\" alt=\"\" class=\"wp-image-1197\" srcset=\"https:\/\/aalmael.eu\/wp-content\/uploads\/2018\/12\/47383979_1592226784246282_2192089808241688576_n-225x300.jpg 225w, https:\/\/aalmael.eu\/wp-content\/uploads\/2018\/12\/47383979_1592226784246282_2192089808241688576_n.jpg 720w\" sizes=\"auto, (max-width: 225px) 100vw, 225px\" \/><\/a><\/figure>\n\n\n\n<figure class=\"wp-block-image\"><a href=\"https:\/\/aalmael.eu\/wp-content\/uploads\/2018\/12\/Klok\u00e1nek2.jpg\"><img loading=\"lazy\" decoding=\"async\" width=\"225\" height=\"300\" src=\"https:\/\/aalmael.eu\/wp-content\/uploads\/2018\/12\/Klok\u00e1nek2-225x300.jpg\" alt=\"\" class=\"wp-image-1223\" srcset=\"https:\/\/aalmael.eu\/wp-content\/uploads\/2018\/12\/Klok\u00e1nek2-225x300.jpg 225w, https:\/\/aalmael.eu\/wp-content\/uploads\/2018\/12\/Klok\u00e1nek2.jpg 720w\" sizes=\"auto, (max-width: 225px) 100vw, 225px\" \/><\/a><\/figure>\n\n\n\n<figure class=\"wp-block-image\"><a href=\"https:\/\/aalmael.eu\/wp-content\/uploads\/2018\/12\/P1440857.jpg\"><img loading=\"lazy\" decoding=\"async\" width=\"300\" height=\"225\" src=\"https:\/\/aalmael.eu\/wp-content\/uploads\/2018\/12\/P1440857-300x225.jpg\" alt=\"\" class=\"wp-image-1200\" srcset=\"https:\/\/aalmael.eu\/wp-content\/uploads\/2018\/12\/P1440857-300x225.jpg 300w, https:\/\/aalmael.eu\/wp-content\/uploads\/2018\/12\/P1440857-768x576.jpg 768w, https:\/\/aalmael.eu\/wp-content\/uploads\/2018\/12\/P1440857-1024x768.jpg 1024w, https:\/\/aalmael.eu\/wp-content\/uploads\/2018\/12\/P1440857.jpg 1280w\" sizes=\"auto, (max-width: 300px) 100vw, 300px\" \/><\/a><\/figure>\n\n\n\n<figure class=\"wp-block-image\"><a href=\"https:\/\/aalmael.eu\/wp-content\/uploads\/2021\/02\/Zivot-detem1.jpg\"><img loading=\"lazy\" decoding=\"async\" width=\"212\" height=\"300\" src=\"https:\/\/aalmael.eu\/wp-content\/uploads\/2021\/02\/Zivot-detem1-212x300.jpg\" alt=\"\" class=\"wp-image-1318\" srcset=\"https:\/\/aalmael.eu\/wp-content\/uploads\/2021\/02\/Zivot-detem1-212x300.jpg 212w, https:\/\/aalmael.eu\/wp-content\/uploads\/2021\/02\/Zivot-detem1.jpg 591w\" sizes=\"auto, (max-width: 212px) 100vw, 212px\" \/><\/a><\/figure>\n\n\n\n<figure class=\"wp-block-image\"><a href=\"https:\/\/aalmael.eu\/wp-content\/uploads\/2021\/03\/foto3.jpg\"><img loading=\"lazy\" decoding=\"async\" width=\"300\" height=\"300\" src=\"https:\/\/aalmael.eu\/wp-content\/uploads\/2021\/03\/foto3-300x300.jpg\" alt=\"\" class=\"wp-image-1397\" srcset=\"https:\/\/aalmael.eu\/wp-content\/uploads\/2021\/03\/foto3-300x300.jpg 300w, https:\/\/aalmael.eu\/wp-content\/uploads\/2021\/03\/foto3-1024x1024.jpg 1024w, https:\/\/aalmael.eu\/wp-content\/uploads\/2021\/03\/foto3-150x150.jpg 150w, https:\/\/aalmael.eu\/wp-content\/uploads\/2021\/03\/foto3-768x768.jpg 768w, https:\/\/aalmael.eu\/wp-content\/uploads\/2021\/03\/foto3-1536x1536.jpg 1536w, https:\/\/aalmael.eu\/wp-content\/uploads\/2021\/03\/foto3-180x180.jpg 180w, https:\/\/aalmael.eu\/wp-content\/uploads\/2021\/03\/foto3-600x600.jpg 600w, https:\/\/aalmael.eu\/wp-content\/uploads\/2021\/03\/foto3-520x520.jpg 520w, https:\/\/aalmael.eu\/wp-content\/uploads\/2021\/03\/foto3-70x70.jpg 70w, https:\/\/aalmael.eu\/wp-content\/uploads\/2021\/03\/foto3.jpg 1885w\" sizes=\"auto, (max-width: 300px) 100vw, 300px\" \/><\/a><\/figure>\n\n\n\n<figure class=\"wp-block-image\"><a href=\"https:\/\/aalmael.eu\/wp-content\/uploads\/2021\/03\/161812507_216907739984467_3461230287208190307_o.jpg\"><img loading=\"lazy\" decoding=\"async\" width=\"203\" height=\"300\" src=\"https:\/\/aalmael.eu\/wp-content\/uploads\/2021\/03\/161812507_216907739984467_3461230287208190307_o-203x300.jpg\" alt=\"\" class=\"wp-image-1334\" srcset=\"https:\/\/aalmael.eu\/wp-content\/uploads\/2021\/03\/161812507_216907739984467_3461230287208190307_o-203x300.jpg 203w, https:\/\/aalmael.eu\/wp-content\/uploads\/2021\/03\/161812507_216907739984467_3461230287208190307_o-694x1024.jpg 694w, https:\/\/aalmael.eu\/wp-content\/uploads\/2021\/03\/161812507_216907739984467_3461230287208190307_o-768x1133.jpg 768w, https:\/\/aalmael.eu\/wp-content\/uploads\/2021\/03\/161812507_216907739984467_3461230287208190307_o-1041x1536.jpg 1041w, https:\/\/aalmael.eu\/wp-content\/uploads\/2021\/03\/161812507_216907739984467_3461230287208190307_o.jpg 1084w\" sizes=\"auto, (max-width: 203px) 100vw, 203px\" \/><\/a><\/figure>\n\n\n\n<figure class=\"wp-block-image\"><a href=\"https:\/\/aalmael.eu\/wp-content\/uploads\/2021\/03\/foto1.jpg\"><img loading=\"lazy\" decoding=\"async\" width=\"300\" height=\"300\" src=\"https:\/\/aalmael.eu\/wp-content\/uploads\/2021\/03\/foto1-300x300.jpg\" alt=\"\" class=\"wp-image-1339\" srcset=\"https:\/\/aalmael.eu\/wp-content\/uploads\/2021\/03\/foto1-300x300.jpg 300w, https:\/\/aalmael.eu\/wp-content\/uploads\/2021\/03\/foto1-1024x1024.jpg 1024w, https:\/\/aalmael.eu\/wp-content\/uploads\/2021\/03\/foto1-150x150.jpg 150w, https:\/\/aalmael.eu\/wp-content\/uploads\/2021\/03\/foto1-768x768.jpg 768w, https:\/\/aalmael.eu\/wp-content\/uploads\/2021\/03\/foto1-1536x1536.jpg 1536w, https:\/\/aalmael.eu\/wp-content\/uploads\/2021\/03\/foto1-180x180.jpg 180w, https:\/\/aalmael.eu\/wp-content\/uploads\/2021\/03\/foto1-600x600.jpg 600w, https:\/\/aalmael.eu\/wp-content\/uploads\/2021\/03\/foto1-520x520.jpg 520w, https:\/\/aalmael.eu\/wp-content\/uploads\/2021\/03\/foto1-70x70.jpg 70w, https:\/\/aalmael.eu\/wp-content\/uploads\/2021\/03\/foto1.jpg 1885w\" sizes=\"auto, (max-width: 300px) 100vw, 300px\" \/><\/a><\/figure>\n\n\n\n<p><\/p>\n\n\n\n<p><em>Z d\u016fvodu GDPR jsou u fotografi\u00ed zakryt\u00e9 obli\u010deje. D\u011bkujeme za pochopen\u00ed. Origin\u00e1l fotografie m\u016f\u017eete shl\u00e9dnout na Facebookov\u00fdch str\u00e1nk\u00e1ch organizac\u00ed.<\/em><\/p>\n\n\n\n<p><\/p>\n","protected":false},"excerpt":{"rendered":"<p>Kniha, kter\u00e1 pom\u00e1h\u00e1 Koup\u00ed knihy, pracovn\u00edho se\u0161itu nebo darovac\u00edho certifik\u00e1tu jste p\u0159isp\u011bli na n\u00e1kup publikac\u00ed nejenom pro d\u011bti v \u010cesk\u00e9 republice, ale tak\u00e9 jste podpo\u0159ili organizace pe\u010duj\u00edc\u00ed o zv\u00ed\u0159ata.&nbsp; My i obdarovan\u00ed D\u011aKUJEME! Spole\u010dn\u011b s v\u00e1mi jsme podpo\u0159ili: D\u00e1re\u010dky ji\u017e putuj\u00ed na m\u00edsto ur\u010den\u00ed&#8230; Z d\u016fvodu GDPR jsou u fotografi\u00ed zakryt\u00e9 obli\u010deje. D\u011bkujeme za pochopen\u00ed. [&hellip;]<\/p>\n","protected":false},"author":1,"featured_media":0,"parent":0,"menu_order":0,"comment_status":"closed","ping_status":"closed","template":"","meta":{"footnotes":""},"class_list":["post-1189","page","type-page","status-publish","hentry"],"_links":{"self":[{"href":"https:\/\/aalmael.eu\/index.php?rest_route=\/wp\/v2\/pages\/1189","targetHints":{"allow":["GET"]}}],"collection":[{"href":"https:\/\/aalmael.eu\/index.php?rest_route=\/wp\/v2\/pages"}],"about":[{"href":"https:\/\/aalmael.eu\/index.php?rest_route=\/wp\/v2\/types\/page"}],"author":[{"embeddable":true,"href":"https:\/\/aalmael.eu\/index.php?rest_route=\/wp\/v2\/users\/1"}],"replies":[{"embeddable":true,"href":"https:\/\/aalmael.eu\/index.php?rest_route=%2Fwp%2Fv2%2Fcomments&post=1189"}],"version-history":[{"count":49,"href":"https:\/\/aalmael.eu\/index.php?rest_route=\/wp\/v2\/pages\/1189\/revisions"}],"predecessor-version":[{"id":1968,"href":"https:\/\/aalmael.eu\/index.php?rest_route=\/wp\/v2\/pages\/1189\/revisions\/1968"}],"wp:attachment":[{"href":"https:\/\/aalmael.eu\/index.php?rest_route=%2Fwp%2Fv2%2Fmedia&parent=1189"}],"curies":[{"name":"wp","href":"https:\/\/api.w.org\/{rel}","templated":true}]}}