{"id":1031,"date":"2017-11-21T17:37:10","date_gmt":"2017-11-21T17:37:10","guid":{"rendered":"http:\/\/aalmael.eu\/?page_id=1031"},"modified":"2025-04-18T08:50:08","modified_gmt":"2025-04-18T08:50:08","slug":"videa","status":"publish","type":"page","link":"https:\/\/aalmael.eu\/?page_id=1031","title":{"rendered":"VIDEA"},"content":{"rendered":"\n<p><a href=\"https:\/\/www.youtube.com\/watch?v=fcZfBpqEAL8\"><span style=\"color: #003366;\"><mark style=\"background-color:rgba(0, 0, 0, 0)\" class=\"has-inline-color has-vivid-cyan-blue-color\">P\u0159edstaven\u00ed v \u010cESK\u00c9M ZNAKOV\u00c9M JAZYCE<\/mark><\/span>    <em><strong><mark style=\"background-color:rgba(0, 0, 0, 0)\" class=\"has-inline-color has-light-green-cyan-color\">ZDE<\/mark><\/strong><\/em><\/a><\/p>\n\n\n\n<p><a href=\"https:\/\/www.youtube.com\/watch?v=CW69SiPdKak\">&nbsp;<span style=\"color: #800000;\"><mark style=\"background-color:rgba(0, 0, 0, 0)\" class=\"has-inline-color has-vivid-cyan-blue-color\">Alphabet song by Aalma L.<\/mark><\/span>   <strong><em><mark style=\"background-color:rgba(0, 0, 0, 0)\" class=\"has-inline-color has-light-green-cyan-color\">ZDE<\/mark><\/em><\/strong><\/a><\/p>\n\n\n\n<p><a href=\"https:\/\/www.youtube.com\/watch?v=RfH7dgpZdk0\">&nbsp;<span style=\"color: #800000;\"><mark style=\"background-color:rgba(0, 0, 0, 0)\" class=\"has-inline-color has-vivid-cyan-blue-color\">Numbers song by Aalma L.<\/mark><\/span>   <strong><em><mark style=\"background-color:rgba(0, 0, 0, 0)\" class=\"has-inline-color has-light-green-cyan-color\">ZDE<\/mark><\/em><\/strong><\/a><\/p>\n\n\n\n<p>&nbsp;<\/p>\n\n\n\n<p>&nbsp;<\/p>\n\n\n\n<p>&nbsp;<\/p>\n\n\n\n<p><\/p>\n","protected":false},"excerpt":{"rendered":"<p>P\u0159edstaven\u00ed v \u010cESK\u00c9M ZNAKOV\u00c9M JAZYCE ZDE &nbsp;Alphabet song by Aalma L. ZDE &nbsp;Numbers song by Aalma L. ZDE &nbsp; &nbsp; &nbsp;<\/p>\n","protected":false},"author":1,"featured_media":0,"parent":0,"menu_order":0,"comment_status":"closed","ping_status":"closed","template":"","meta":{"footnotes":""},"class_list":["post-1031","page","type-page","status-publish","hentry"],"_links":{"self":[{"href":"https:\/\/aalmael.eu\/index.php?rest_route=\/wp\/v2\/pages\/1031","targetHints":{"allow":["GET"]}}],"collection":[{"href":"https:\/\/aalmael.eu\/index.php?rest_route=\/wp\/v2\/pages"}],"about":[{"href":"https:\/\/aalmael.eu\/index.php?rest_route=\/wp\/v2\/types\/page"}],"author":[{"embeddable":true,"href":"https:\/\/aalmael.eu\/index.php?rest_route=\/wp\/v2\/users\/1"}],"replies":[{"embeddable":true,"href":"https:\/\/aalmael.eu\/index.php?rest_route=%2Fwp%2Fv2%2Fcomments&post=1031"}],"version-history":[{"count":11,"href":"https:\/\/aalmael.eu\/index.php?rest_route=\/wp\/v2\/pages\/1031\/revisions"}],"predecessor-version":[{"id":1805,"href":"https:\/\/aalmael.eu\/index.php?rest_route=\/wp\/v2\/pages\/1031\/revisions\/1805"}],"wp:attachment":[{"href":"https:\/\/aalmael.eu\/index.php?rest_route=%2Fwp%2Fv2%2Fmedia&parent=1031"}],"curies":[{"name":"wp","href":"https:\/\/api.w.org\/{rel}","templated":true}]}}